{"id":630,"date":"2021-04-15T10:39:13","date_gmt":"2021-04-15T15:39:13","guid":{"rendered":"http:\/\/goldenlines.sg2.wp.websites.ca\/conditions-dutilisation\/"},"modified":"2021-09-16T22:16:21","modified_gmt":"2021-09-17T03:16:21","slug":"conditions-dutilisation","status":"publish","type":"page","link":"https:\/\/goldenlines.ca\/fr\/conditions-dutilisation\/","title":{"rendered":"Conditions d&#8217;utilisation"},"content":{"rendered":"<p>[et_pb_section fb_built=&#8221;1&#8243; custom_padding_last_edited=&#8221;on|desktop&#8221; _builder_version=&#8221;4.9.2&#8243; _module_preset=&#8221;default&#8221; background_enable_color=&#8221;off&#8221; use_background_color_gradient=&#8221;on&#8221; background_color_gradient_start=&#8221;rgba(5,23,45,0.95)&#8221; background_color_gradient_end=&#8221;rgba(5,23,45,0.95)&#8221; background_color_gradient_overlays_image=&#8221;on&#8221; background_image=&#8221;https:\/\/goldenlines.ca\/wp-content\/uploads\/2021\/03\/cropped-White-blue.png&#8221; custom_padding=&#8221;87px||87px||true|false&#8221; custom_padding_tablet=&#8221;57px||57px||true|false&#8221; custom_padding_phone=&#8221;&#8221; locked=&#8221;off&#8221;][et_pb_row make_equal=&#8221;on&#8221; _builder_version=&#8221;4.9.2&#8243; _module_preset=&#8221;default&#8221; custom_padding=&#8221;0px||0px||false|false&#8221; custom_css_main_element=&#8221;margin: auto&#8221;][et_pb_column type=&#8221;4_4&#8243; _builder_version=&#8221;4.9.2&#8243; _module_preset=&#8221;default&#8221;][et_pb_text _builder_version=&#8221;4.9.2&#8243; _dynamic_attributes=&#8221;content&#8221; text_font=&#8221;Oswald|600||on|||||&#8221; text_text_color=&#8221;#FFFFFF&#8221; text_font_size=&#8221;52px&#8221; text_letter_spacing=&#8221;4px&#8221; text_line_height=&#8221;1.1em&#8221; header_font=&#8221;Oswald|||on|||||&#8221; header_font_size=&#8221;60px&#8221; header_letter_spacing=&#8221;5px&#8221; header_line_height=&#8221;1.4em&#8221; text_orientation=&#8221;center&#8221; max_width=&#8221;700px&#8221; module_alignment=&#8221;center&#8221; custom_margin=&#8221;0px||0px||false|false&#8221; custom_padding=&#8221;0px||0px||false|false&#8221; animation_style=&#8221;fade&#8221; text_font_size_tablet=&#8221;&#8221; text_font_size_phone=&#8221;29px&#8221; text_font_size_last_edited=&#8221;on|phone&#8221; header_font_size_tablet=&#8221;&#8221; header_font_size_phone=&#8221;34px&#8221; header_font_size_last_edited=&#8221;on|phone&#8221;]@ET-DC@eyJkeW5hbWljIjp0cnVlLCJjb250ZW50IjoicG9zdF90aXRsZSIsInNldHRpbmdzIjp7ImJlZm9yZSI6IiIsImFmdGVyIjoiIn19@[\/et_pb_text][\/et_pb_column][\/et_pb_row][\/et_pb_section][et_pb_section fb_built=&#8221;1&#8243; _builder_version=&#8221;4.9.2&#8243; background_color=&#8221;#F7F7F7&#8243; custom_padding=&#8221;60px|0px|60px|0px|true|&#8221;][et_pb_row _builder_version=&#8221;4.9.2&#8243;][et_pb_column type=&#8221;4_4&#8243; _builder_version=&#8221;3.25&#8243; custom_padding=&#8221;|||&#8221; custom_padding__hover=&#8221;|||&#8221;][et_pb_blurb title=&#8221;CONDITIONS D&#8217;UTILISATION DU SITE WEB DE LA GOLDEN LINES TRANSLATION, INC.&#8221; icon_placement=&#8221;left&#8221; content_max_width=&#8221;100%&#8221; image_max_width_last_edited=&#8221;off|desktop&#8221; admin_label=&#8221;TERMS AND CONDITIONS OF GOLDEN&#8221; _builder_version=&#8221;4.9.9&#8243; header_font=&#8221;Oswald|||on|||||&#8221; header_font_size=&#8221;18px&#8221; header_letter_spacing=&#8221;2px&#8221; header_line_height=&#8221;1.7em&#8221; body_font=&#8221;Open Sans||||||||&#8221; body_line_height=&#8221;1.8em&#8221; animation=&#8221;off&#8221; hover_enabled=&#8221;0&#8243; border_color_all_image=&#8221;rgba(51,51,51,0)&#8221; border_style_all_image=&#8221;none&#8221; sticky_enabled=&#8221;0&#8243;]<\/p>\n<p>VEUILLEZ LIRE ATTENTIVEMENT CES CONDITIONS D&#8217;UTILISATION AVANT D&#8217;UTILISER CE SITE WEB.<\/p>\n<p>Les conditions g\u00e9n\u00e9rales suivantes r\u00e9gissent et s&#8217;appliquent \u00e0 votre utilisation ou \u00e0 votre d\u00e9pendance \u00e0 l&#8217;\u00e9gard de ce site Web maintenu par GOLDEN LINES TRANSLATION, INC. (le \u00ab site Web \u00bb).<\/p>\n<p>Votre acc\u00e8s ou votre utilisation du site Web indique que vous avez lu, compris et accept\u00e9 d&#8217;\u00eatre li\u00e9 par les pr\u00e9sentes conditions g\u00e9n\u00e9rales et toutes autres lois, statuts ou r\u00e8glements applicables. Nous pouvons modifier ces conditions g\u00e9n\u00e9rales \u00e0 tout moment sans pr\u00e9avis, \u00e0 compter de leur publication sur le site Web. Votre utilisation continue du site Web sera consid\u00e9r\u00e9e comme votre acceptation des conditions g\u00e9n\u00e9rales r\u00e9vis\u00e9es.<\/p>\n<p><strong>RESTRICTION D&#8217;\u00c2GE<\/strong><\/p>\n<p>Vous devez \u00eatre \u00e2g\u00e9 d&#8217;au moins dix-huit (18) ans pour utiliser ce site Web ou tout service contenu dans celui-ci. Votre acc\u00e8s ou votre utilisation de ce site Web indique que vous d\u00e9clarez que vous \u00eates \u00e2g\u00e9 d&#8217;au moins dix-huit (18) ans. Nous n&#8217;assumons aucune responsabilit\u00e9 pour toute fausse d\u00e9claration de votre \u00e2ge.<\/p>\n<p><strong>DROITS DE PROPRI\u00c9T\u00c9 INTELLECTUELLE<\/strong><\/p>\n<p>Toute la propri\u00e9t\u00e9 intellectuelle sur le site Web est la propri\u00e9t\u00e9 de nous ou de nos conc\u00e9dants de licence, ce qui comprend les mat\u00e9riaux prot\u00e9g\u00e9s par les lois sur les droits d&#8217;auteur, les marques de commerce ou les brevets. Toutes les marques, marques de service et noms commerciaux, logos sont la propri\u00e9t\u00e9, enregistr\u00e9s ou conc\u00e9d\u00e9s sous licence par nous. Tout le contenu du site Web, y compris, mais sans s&#8217;y limiter, le texte, les logiciels, le code, les conceptions, les graphiques, les photos, les sons, la musique, les vid\u00e9os, les applications, les fonctionnalit\u00e9s interactives et tout autre contenu est une \u0153uvre collective en vertu des lois canadiennes et autres sur le droit d&#8217;auteur et constitue le propri\u00e9t\u00e9 exclusive de la soci\u00e9t\u00e9. Aucun contenu, marque de commerce, marque de service, nom de domaine, nom commercial ou logo appartenant \u00e0 la Soci\u00e9t\u00e9 ne peut \u00eatre utilis\u00e9, reproduit, modifi\u00e9, distribu\u00e9, publi\u00e9, t\u00e9l\u00e9charg\u00e9, stock\u00e9 ou utilis\u00e9 \u00e0 des fins personnelles ou commerciales sans l&#8217;autorisation de la GOLDEN LINES TRANSLATION, INC. Tous les droits sont r\u00e9serv\u00e9s.<\/p>\n<p><strong>UTILISATION DU MAT\u00c9RIEL DE LA SOCI\u00c9T\u00c9<\/strong><\/p>\n<p>Nous pouvons vous fournir certaines informations \u00e0 la suite de votre utilisation du site Web, y compris, mais sans s&#8217;y limiter, la documentation, les donn\u00e9es ou les informations d\u00e9velopp\u00e9es par nous, et d&#8217;autres mat\u00e9riaux qui peuvent aider \u00e0 l&#8217;utilisation du site Web ou des services (\u00ab mat\u00e9riel de la Soci\u00e9t\u00e9 \u00bb). Le mat\u00e9riel de la Soci\u00e9t\u00e9 ne peut \u00eatre utilis\u00e9 \u00e0 d&#8217;autres fins que l&#8217;utilisation de ce site Web et des services offerts sur le site Web. Rien dans ces conditions d&#8217;utilisation ne peut \u00eatre interpr\u00e9t\u00e9 comme vous accordant une licence de droits de propri\u00e9t\u00e9 intellectuelle.<\/p>\n<p><strong>UTILISATION DU COMPTE ET DU COMPTE<\/strong><\/p>\n<p>Si votre utilisation du site Web n\u00e9cessite un compte vous identifiant en tant qu&#8217;utilisateur du site Web (un \u00ab compte \u00bb) :<\/p>\n<p>a) vous \u00eates seul responsable de votre compte et de la maintenance, de la confidentialit\u00e9 et de la s\u00e9curit\u00e9 de votre compte et de tous les mots de passe li\u00e9s \u00e0 votre compte, et de toutes les activit\u00e9s qui se produisent sous votre compte, y compris toutes les activit\u00e9s de toute personne ayant acc\u00e8s \u00e0 votre compte avec ou sans votre permission;<\/p>\n<p>b) vous acceptez de nous informer imm\u00e9diatement de toute utilisation non autoris\u00e9e de votre compte, de tout service fourni via votre compte ou de tout mot de passe li\u00e9 \u00e0 votre compte, ou de toute autre violation de la s\u00e9curit\u00e9 en ce qui concerne votre compte ou tout service fourni par son interm\u00e9diaire, et vous acceptez de nous fournir une assistance, comme demand\u00e9, pour arr\u00eater ou rem\u00e9dier \u00e0 toute violation de la s\u00e9curit\u00e9 li\u00e9e \u00e0 votre compte, et<\/p>\n<p>c) vous acceptez de fournir des informations client vraies, actuelles, exactes et compl\u00e8tes, comme nous vous le demandons de temps \u00e0 autre, et vous acceptez de nous informer rapidement de tout changement de ces informations, tel que requis pour garder ces informations que nous d\u00e9tenons \u00e0 jour, compl\u00e8tes et pr\u00e9cises.<\/p>\n<p><strong>PAIEMENT<\/strong><\/p>\n<p>Lorsque vous effectuez un achat sur ou via notre site Web, vous acceptez de fournir un instrument valide pour effectuer un paiement. Faites attention aux d\u00e9tails de la transaction, car votre prix total peut inclure les taxes, les frais et les frais d&#8217;exp\u00e9dition, dont vous \u00eates tous responsables.<\/p>\n<p>Lorsque vous nous fournissez un instrument de paiement, vous confirmez que vous \u00eates autoris\u00e9 \u00e0 utiliser cet instrument de paiement. Lorsque vous effectuez un paiement, vous nous autorisez (ainsi que notre processeur de paiement d\u00e9sign\u00e9) \u00e0 facturer le montant total sur l&#8217;instrument de paiement que vous d\u00e9signez pour la transaction. Vous nous autorisez \u00e9galement \u00e0 collecter et \u00e0 stocker cet instrument de financement, ainsi que d&#8217;autres informations de transaction connexes.<\/p>\n<p>Si vous payez par carte de cr\u00e9dit ou de d\u00e9bit, nous pouvons obtenir une pr\u00e9-approbation de l&#8217;\u00e9metteur de la carte pour un montant aussi \u00e9lev\u00e9 que le prix total. Si vous annulez une transaction avant la finalisation, cette pr\u00e9-approbation peut avoir pour cons\u00e9quence que ces fonds ne sont pas imm\u00e9diatement disponibles pour vous.<\/p>\n<p>Nous pouvons annuler toute transaction si nous pensons que la transaction enfreint les pr\u00e9sentes Conditions, ou si nous pensons que cela peut \u00e9viter des pertes financi\u00e8res.<\/p>\n<p>Afin d&#8217;\u00e9viter toute perte financi\u00e8re pour vous ou pour nous, nous pouvons contacter l&#8217;\u00e9metteur de votre instrument de financement, les forces de l&#8217;ordre ou des tiers concern\u00e9s (y compris d&#8217;autres utilisateurs) et partager les d\u00e9tails de tout paiement auquel vous \u00eates associ\u00e9, si nous pensons que cela pourrait emp\u00eacher perte financi\u00e8re ou violation de la loi.<\/p>\n<p><strong>VENTE DE BIENS ET SERVICES<\/strong><\/p>\n<p>Nous pouvons vendre des biens ou des services ou permettre \u00e0 des tiers de vendre des biens ou des services sur le site Web. Nous nous engageons \u00e0 \u00eatre aussi pr\u00e9cis que possible avec toutes les informations concernant les produits et services, y compris les descriptions de produits et les images. Cependant, nous ne garantissons pas l&#8217;exactitude ou la fiabilit\u00e9 des informations sur les produits et vous reconnaissez et acceptez que vous achetez ces produits \u00e0 vos propres risques.<\/p>\n<p><strong>UTILISATION ACCEPTABLE<\/strong><\/p>\n<p>Vous acceptez de ne pas utiliser le site Web \u00e0 des fins ill\u00e9gales ou \u00e0 des fins interdites en vertu de cette clause. Vous acceptez de ne pas utiliser le site Web d&#8217;une mani\u00e8re qui pourrait endommager le site Web, les services ou les activit\u00e9s g\u00e9n\u00e9rales de la GOLDEN LINES TRANSLATION, INC.<\/p>\n<p>Vous acceptez en outre de ne pas utiliser ou acc\u00e9der au site Web :<\/p>\n<p>a) Pour harceler, abuser ou menacer autrui ou violer de toute autre mani\u00e8re les droits l\u00e9gaux de toute personne;<\/p>\n<p>b) Pour violer tout droit de propri\u00e9t\u00e9 intellectuelle de nous ou de tout tiers;<\/p>\n<p>c) Pour t\u00e9l\u00e9charger ou diffuser autrement tout virus informatique ou autre logiciel qui pourrait endommager la propri\u00e9t\u00e9 d&#8217;autrui;<\/p>\n<p>d) Pour perp\u00e9trer toute fraude;<\/p>\n<p>e) Pour participer ou cr\u00e9er des jeux de hasard, des tirages au sort ou des syst\u00e8mes pyramidaux ill\u00e9gaux;<\/p>\n<p>f) Pour publier ou distribuer tout mat\u00e9riel obsc\u00e8ne ou diffamatoire;<\/p>\n<p>g) Publier ou distribuer tout mat\u00e9riel incitant \u00e0 la violence, \u00e0 la haine ou \u00e0 la discrimination envers un groupe quelconque;<\/p>\n<p>h) Pour recueillir ill\u00e9galement des informations sur autrui.<\/p>\n<p><strong>PROTECTION DE LA VIE PRIV\u00c9E<\/strong><\/p>\n<p>En utilisant le site Web, vous pouvez nous fournir certaines informations. En utilisant le site Web, vous nous autorisez \u00e0 utiliser vos informations au Canada et dans tout autre pays o\u00f9 nous pouvons exercer nos activit\u00e9s.<\/p>\n<p>Lorsque vous cr\u00e9ez un compte, vous nous fournissez une adresse courriel valide et pouvez nous fournir des informations suppl\u00e9mentaires, telles que votre nom ou vos informations de facturation. Selon la fa\u00e7on dont vous utilisez notre site Web, nous pouvons \u00e9galement recevoir des informations d&#8217;applications externes que vous utilisez pour acc\u00e9der \u00e0 notre site Web, ou nous pouvons recevoir des informations via diverses technologies Web, telles que des cookies, des fichiers journaux, des gifs clairs, des balises Web ou autres.<\/p>\n<p>Nous utilisons les informations recueillies aupr\u00e8s de vous pour assurer votre bonne exp\u00e9rience continue sur notre site Web, y compris par courrier \u00e9lectronique. Nous pouvons \u00e9galement suivre certaines des informations passives re\u00e7ues pour am\u00e9liorer notre marketing et nos analyses, et pour cela, nous pouvons travailler avec des fournisseurs tiers.<\/p>\n<p>Si vous souhaitez d\u00e9sactiver notre acc\u00e8s \u00e0 toute information passive que nous recevons de l&#8217;utilisation de diverses technologies, vous pouvez choisir de d\u00e9sactiver les cookies dans votre navigateur Web. Veuillez noter que nous continuerons de recevoir les informations vous concernant que vous nous avez fournies, telles que votre adresse courriel.<\/p>\n<p>Si vous choisissez de r\u00e9silier votre compte, nous conserverons les informations vous concernant pendant une p\u00e9riode de temps raisonnable que nous d\u00e9terminons conform\u00e9ment aux lois f\u00e9d\u00e9rales et provinciales applicables. Pass\u00e9 ce d\u00e9lai, toutes les informations vous concernant seront supprim\u00e9es.<\/p>\n<p><strong>ING\u00c9NIERIE INVERSE ET S\u00c9CURIT\u00c9<\/strong><\/p>\n<p>Vous ne pouvez entreprendre aucune des actions suivantes :<\/p>\n<p>a) Faire de l&#8217;ing\u00e9nierie inverse, ou tenter de faire de l&#8217;ing\u00e9nierie inverse ou de d\u00e9sassembler tout code ou logiciel \u00e0 partir ou sur le site Web;<\/p>\n<p>b) Violer la s\u00e9curit\u00e9 du site Web par tout acc\u00e8s non autoris\u00e9, contournement du cryptage ou d&#8217;autres outils de s\u00e9curit\u00e9, extraction de donn\u00e9es ou interf\u00e9rence avec tout h\u00f4te, utilisateur ou r\u00e9seau.<\/p>\n<p><strong>PERTE DE DONN\u00c9ES<\/strong><\/p>\n<p>Nous ne sommes pas responsables de la s\u00e9curit\u00e9 de votre compte ou de votre contenu. Votre utilisation du site Web est \u00e0 vos propres risques. Si vous souhaitez utiliser nos services et que vous ne savez pas comment proc\u00e9der, n&#8217;h\u00e9sitez pas \u00e0 <a href=\"https:\/\/goldenlines.ca\/fr\/nous-contacter\/\">nous contacter<\/a> pour obtenir de l&#8217;aide.<\/p>\n<p><strong>INDEMNIT\u00c9<\/strong><\/p>\n<p>Vous d\u00e9fendez et indemnisez GOLDEN LINES TRANSLATION, INC.et l&#8217;un de nos affili\u00e9s, partenaires, filiales, employ\u00e9s, successeurs, sous-traitants, fournisseurs, fournisseurs de services et conc\u00e9dants de licence et nous d\u00e9gagez de toute responsabilit\u00e9 contre toutes les r\u00e9clamations et demandes l\u00e9gales, y compris les honoraires d&#8217;avocat raisonnables, qui peuvent r\u00e9sulter de ou se rapporter \u00e0 votre utilisation ou mauvaise utilisation du site Web, votre violation des pr\u00e9sentes conditions g\u00e9n\u00e9rales, ou votre conduite ou vos actions. Nous choisirons notre propre conseiller juridique et pouvons participer \u00e0 notre propre d\u00e9fense si nous le souhaitons.<\/p>\n<p><strong>POLITIQUE DE POURRIELS<\/strong><\/p>\n<p>Il vous est strictement interdit d&#8217;utiliser le site Web ou l&#8217;un de nos services pour des activit\u00e9s de spam ill\u00e9gales, y compris la collecte d&#8217;adresses courriels et d&#8217;informations personnelles d&#8217;autrui ou l&#8217;envoi de courriels commerciaux de masse.<\/p>\n<p><strong>LIENS ET CONTENU DE TIERS<\/strong><\/p>\n<p>Nous pouvons occasionnellement publier des liens vers des sites Web tiers ou d&#8217;autres services. Il s&#8217;agit notamment de nos clients, partenaires, affili\u00e9s et filiales. Nous ne sommes pas responsables de toute perte ou dommage caus\u00e9 \u00e0 la suite de votre utilisation de services tiers li\u00e9s \u00e0 notre site Web. Une fois que vous voyez un lien vers notre site Web mais que vous ne savez pas s&#8217;il s&#8217;agit de nous, n&#8217;h\u00e9sitez pas \u00e0 nous contacter pour toute question afin d&#8217;\u00eatre s\u00fbr d&#8217;obtenir ce que vous recherchez avant de continuer.<\/p>\n<p><strong>VARIATION<\/strong><\/p>\n<p>Dans la mesure o\u00f9 une partie ou une sous-partie des pr\u00e9sentes Conditions g\u00e9n\u00e9rales est jug\u00e9e inefficace ou invalide par un tribunal, la version ant\u00e9rieure et effective de ces Conditions g\u00e9n\u00e9rales sera consid\u00e9r\u00e9e comme ex\u00e9cutoire et valable dans toute la mesure du possible.<\/p>\n<p><strong>INTERRUPTIONS DE SERVICE<\/strong><\/p>\n<p>Nous pouvons avoir besoin d&#8217;interrompre votre acc\u00e8s au site Web pour effectuer des services de maintenance ou d&#8217;urgence sur une base programm\u00e9e ou non programm\u00e9e. Vous acceptez que votre acc\u00e8s au site Web puisse \u00eatre affect\u00e9 par des temps d&#8217;arr\u00eat impr\u00e9vus ou impr\u00e9vus, pour quelque raison que ce soit, mais que nous n&#8217;aurons aucune responsabilit\u00e9 pour tout dommage ou perte caus\u00e9 \u00e0 la suite d&#8217;un tel temps d&#8217;arr\u00eat.<\/p>\n<p><strong>R\u00c9SILIATION DU COMPTE<\/strong><\/p>\n<p>Nous pouvons, \u00e0 notre seule discr\u00e9tion, suspendre, restreindre ou r\u00e9silier votre compte et votre utilisation du site Web, en vigueur \u00e0 tout moment, sans pr\u00e9avis, pour quelque raison que ce soit, y compris en raison du fonctionnement ou de l&#8217;efficacit\u00e9 du site Web ou de notre ou d&#8217;un tiers l&#8217;\u00e9quipement ou le r\u00e9seau de la partie est alt\u00e9r\u00e9 par votre utilisation du site Web, tout montant est en souffrance de votre part envers nous, nous avons re\u00e7u une plainte d&#8217;un tiers concernant votre utilisation ou mauvaise utilisation du site Web, ou vous avez \u00e9t\u00e9 ou \u00eates en violation de tout terme ou condition de ces Termes et Conditions. Nous n&#8217;aurons aucune responsabilit\u00e9 d&#8217;informer un tiers, y compris tout fournisseur tiers de services, de marchandises ou d&#8217;informations, de toute suspension, restriction ou r\u00e9siliation de votre acc\u00e8s au site Web.<\/p>\n<p><strong>AUCUNE GARANTIE<\/strong><\/p>\n<p>Votre utilisation du site Web est \u00e0 vos risques et p\u00e9rils exclusifs et tous les services fournis par nous le sont \u00abtels quels\u00bb. Nous d\u00e9clinons toute garantie expresse ou implicite de quelque nature que ce soit, y compris, mais sans s&#8217;y limiter, la garantie implicite d&#8217;ad\u00e9quation \u00e0 un usage particulier et la garantie implicite de qualit\u00e9 marchande. Nous ne garantissons pas que le site Web r\u00e9pondra \u00e0 vos besoins ou que le site Web sera ininterrompu, sans erreur ou s\u00e9curis\u00e9. Nous ne garantissons pas non plus la fiabilit\u00e9 ou l&#8217;exactitude des informations pr\u00e9sentes sur le site Web ou obtenues par le biais des services. Tout dommage qui pourrait vous survenir, par le biais de votre syst\u00e8me informatique, ou \u00e0 la suite de la perte de vos donn\u00e9es suite \u00e0 votre utilisation du site Web est de votre seule responsabilit\u00e9 et nous ne sommes pas responsables de tels dommages ou pertes.<\/p>\n<p><strong>INTIMIT\u00c9<\/strong><\/p>\n<p>En plus de ces conditions g\u00e9n\u00e9rales, ce site Web a une politique de confidentialit\u00e9 qui d\u00e9crit comment vos donn\u00e9es personnelles sont collect\u00e9es et comment les cookies sont utilis\u00e9s sur le site Web. Pour plus d&#8217;informations, vous pouvez consulter notre politique de confidentialit\u00e9, que vous pouvez trouver \u00e0 l&#8217;adresse suivante : <a href=\"https:\/\/goldenlines.ca\/fr\/politique-de-confidentialite\/\">https:\/\/goldenlines.ca\/fr\/politique-de-confidentialite<\/a>.<\/p>\n<p>En utilisant ou en naviguant sur ce site Web, vous reconnaissez \u00e9galement avoir lu notre politique de confidentialit\u00e9.<\/p>\n<p><strong>LIMITATION DE RESPONSABILIT\u00c9<\/strong><\/p>\n<p>Ni nous ni nos affili\u00e9s, partenaires, filiales, employ\u00e9s, successeurs, sous-traitants, fournisseurs, prestataires de services et conc\u00e9dants de licence ne sommes responsables des dommages qui pourraient vous survenir du fait de votre utilisation du site Web, dans toute la mesure permise par la loi. Cela s&#8217;applique \u00e0 toutes les r\u00e9clamations de votre part, y compris, mais sans s&#8217;y limiter, la perte de profits ou de revenus, les dommages cons\u00e9cutifs ou punitifs, la n\u00e9gligence, la responsabilit\u00e9 stricte, la fraude ou les d\u00e9lits de toute nature.<\/p>\n<p>&nbsp;<\/p>\n<p><strong>Derni\u00e8re mise \u00e0 jour : mai 2021<\/strong><\/p>\n<p>[\/et_pb_blurb][\/et_pb_column][\/et_pb_row][\/et_pb_section]<\/p>\n","protected":false},"excerpt":{"rendered":"<p>VEUILLEZ LIRE ATTENTIVEMENT CES CONDITIONS D&#8217;UTILISATION AVANT D&#8217;UTILISER CE SITE WEB. Les conditions g\u00e9n\u00e9rales suivantes r\u00e9gissent et s&#8217;appliquent \u00e0 votre utilisation ou \u00e0 votre d\u00e9pendance \u00e0 l&#8217;\u00e9gard de ce site Web maintenu par GOLDEN LINES TRANSLATION, INC. (le \u00ab site Web \u00bb). Votre acc\u00e8s ou votre utilisation du site Web indique que vous avez lu, [&hellip;]<\/p>\n","protected":false},"author":1,"featured_media":0,"parent":0,"menu_order":0,"comment_status":"closed","ping_status":"closed","template":"","meta":{"_et_pb_use_builder":"on","_et_pb_old_content":"","_et_gb_content_width":"","_editorskit_title_hidden":false,"_editorskit_reading_time":0,"_editorskit_is_block_options_detached":false,"_editorskit_block_options_position":"{}","footnotes":""},"_links":{"self":[{"href":"https:\/\/goldenlines.ca\/fr\/wp-json\/wp\/v2\/pages\/630"}],"collection":[{"href":"https:\/\/goldenlines.ca\/fr\/wp-json\/wp\/v2\/pages"}],"about":[{"href":"https:\/\/goldenlines.ca\/fr\/wp-json\/wp\/v2\/types\/page"}],"author":[{"embeddable":true,"href":"https:\/\/goldenlines.ca\/fr\/wp-json\/wp\/v2\/users\/1"}],"replies":[{"embeddable":true,"href":"https:\/\/goldenlines.ca\/fr\/wp-json\/wp\/v2\/comments?post=630"}],"version-history":[{"count":18,"href":"https:\/\/goldenlines.ca\/fr\/wp-json\/wp\/v2\/pages\/630\/revisions"}],"predecessor-version":[{"id":226438,"href":"https:\/\/goldenlines.ca\/fr\/wp-json\/wp\/v2\/pages\/630\/revisions\/226438"}],"wp:attachment":[{"href":"https:\/\/goldenlines.ca\/fr\/wp-json\/wp\/v2\/media?parent=630"}],"curies":[{"name":"wp","href":"https:\/\/api.w.org\/{rel}","templated":true}]}}