{"id":636,"date":"2021-04-15T10:57:49","date_gmt":"2021-04-15T15:57:49","guid":{"rendered":"http:\/\/goldenlines.sg2.wp.websites.ca\/politique-de-confidentialite\/"},"modified":"2021-05-17T22:41:13","modified_gmt":"2021-05-18T03:41:13","slug":"politique-de-confidentialite","status":"publish","type":"page","link":"https:\/\/goldenlines.ca\/fr\/politique-de-confidentialite\/","title":{"rendered":"Politique de confidentialit\u00e9"},"content":{"rendered":"<p>[et_pb_section fb_built=&#8221;1&#8243; custom_padding_last_edited=&#8221;on|desktop&#8221; _builder_version=&#8221;4.9.2&#8243; _module_preset=&#8221;default&#8221; background_enable_color=&#8221;off&#8221; use_background_color_gradient=&#8221;on&#8221; background_color_gradient_start=&#8221;rgba(5,23,45,0.95)&#8221; background_color_gradient_end=&#8221;rgba(5,23,45,0.95)&#8221; background_color_gradient_overlays_image=&#8221;on&#8221; background_image=&#8221;https:\/\/goldenlines.ca\/wp-content\/uploads\/2021\/03\/cropped-White-blue.png&#8221; custom_padding=&#8221;87px||87px||true|false&#8221; custom_padding_tablet=&#8221;57px||57px||true|false&#8221; custom_padding_phone=&#8221;&#8221; locked=&#8221;off&#8221;][et_pb_row make_equal=&#8221;on&#8221; _builder_version=&#8221;4.9.2&#8243; _module_preset=&#8221;default&#8221; custom_padding=&#8221;0px||0px||false|false&#8221; custom_css_main_element=&#8221;margin: auto&#8221;][et_pb_column type=&#8221;4_4&#8243; _builder_version=&#8221;4.9.2&#8243; _module_preset=&#8221;default&#8221;][et_pb_text _builder_version=&#8221;4.9.2&#8243; _dynamic_attributes=&#8221;content&#8221; text_font=&#8221;Oswald|600||on|||||&#8221; text_text_color=&#8221;#FFFFFF&#8221; text_font_size=&#8221;52px&#8221; text_letter_spacing=&#8221;4px&#8221; text_line_height=&#8221;1.1em&#8221; header_font=&#8221;Oswald|||on|||||&#8221; header_font_size=&#8221;60px&#8221; header_letter_spacing=&#8221;5px&#8221; header_line_height=&#8221;1.4em&#8221; text_orientation=&#8221;center&#8221; max_width=&#8221;700px&#8221; module_alignment=&#8221;center&#8221; custom_margin=&#8221;0px||0px||false|false&#8221; custom_padding=&#8221;0px||0px||false|false&#8221; animation_style=&#8221;fade&#8221; text_font_size_tablet=&#8221;&#8221; text_font_size_phone=&#8221;29px&#8221; text_font_size_last_edited=&#8221;on|phone&#8221; header_font_size_tablet=&#8221;&#8221; header_font_size_phone=&#8221;34px&#8221; header_font_size_last_edited=&#8221;on|phone&#8221;]@ET-DC@eyJkeW5hbWljIjp0cnVlLCJjb250ZW50IjoicG9zdF90aXRsZSIsInNldHRpbmdzIjp7ImJlZm9yZSI6IiIsImFmdGVyIjoiIn19@[\/et_pb_text][\/et_pb_column][\/et_pb_row][\/et_pb_section][et_pb_section fb_built=&#8221;1&#8243; _builder_version=&#8221;4.9.2&#8243; background_color=&#8221;#F7F7F7&#8243; custom_padding=&#8221;60px|0px|60px|0px|true|&#8221;][et_pb_row _builder_version=&#8221;4.9.2&#8243;][et_pb_column type=&#8221;4_4&#8243; _builder_version=&#8221;3.25&#8243; custom_padding=&#8221;|||&#8221; custom_padding__hover=&#8221;|||&#8221;][et_pb_blurb title=&#8221;INTRODUCTION&#8221; icon_placement=&#8221;left&#8221; content_max_width=&#8221;100%&#8221; image_max_width_last_edited=&#8221;off|desktop&#8221; admin_label=&#8221;INTRODUCTION&#8221; _builder_version=&#8221;4.9.4&#8243; header_font=&#8221;Oswald|||on|||||&#8221; header_font_size=&#8221;18px&#8221; header_letter_spacing=&#8221;2px&#8221; header_line_height=&#8221;1.7em&#8221; body_font=&#8221;Open Sans||||||||&#8221; body_line_height=&#8221;1.8em&#8221; animation=&#8221;off&#8221; hover_enabled=&#8221;0&#8243; border_color_all_image=&#8221;rgba(51,51,51,0)&#8221; border_style_all_image=&#8221;none&#8221; sticky_enabled=&#8221;0&#8243;]<\/p>\n<p>GOLDEN LINES TRANSLATION, INC. est une soci\u00e9t\u00e9 offrant des services linguistiques de traduction et de localisation. Nos sites Web sont accessibles localement \u00e0 goldenlines.ca.<\/p>\n<p>Cette politique de confidentialit\u00e9 s&#8217;applique \u00e0 vos informations personnelles que vous fournissez lorsque vous vous connectez \u00e0 notre site Web ou aux donn\u00e9es que vous soumettez \u00e0 notre syst\u00e8me en ligne lorsque vous demandez nos services. Notre politique de confidentialit\u00e9 explique nos pratiques \u00e9thiques dans la collecte, le stockage, l&#8217;utilisation, la protection et la divulgation de vos informations.<\/p>\n<p><strong>VOS COMMENTAIRES<\/strong><\/p>\n<p>Lorsque les visiteurs laissent des commentaires sur le site, nous collectons les donn\u00e9es affich\u00e9es dans le formulaire de commentaires, ainsi que l&#8217;adresse IP du visiteur et la cha\u00eene de l&#8217;agent utilisateur du navigateur pour aider \u00e0 la d\u00e9tection du spam.<\/p>\n<p>Une cha\u00eene anonyme cr\u00e9\u00e9e \u00e0 partir de votre adresse e-mail (\u00e9galement appel\u00e9e hachage) peut \u00eatre fournie au service Gravatar pour voir si vous l&#8217;utilisez. La politique de confidentialit\u00e9 du service Gravatar est disponible ici : https:\/\/automattic.com\/privacy\/. Apr\u00e8s approbation de votre commentaire, votre photo de profil est visible par le public dans le contexte de votre commentaire.<\/p>\n<p><strong>M\u00c9DIAS<\/strong><\/p>\n<p>Si vous t\u00e9l\u00e9chargez des images sur le site Web, vous devez \u00e9viter de t\u00e9l\u00e9charger des images avec des donn\u00e9es de localisation int\u00e9gr\u00e9es (EXIF GPS) incluses. Les visiteurs du site Web peuvent t\u00e9l\u00e9charger et extraire toutes les donn\u00e9es de localisation des images du site Web.<\/p>\n<p><strong>FORMULAIRE DE CONTACT<\/strong><\/p>\n<p>(a) Cookies<\/p>\n<p>Si vous laissez un commentaire sur notre site, vous pouvez choisir d&#8217;enregistrer votre nom, votre adresse courriel et votre site Web dans des cookies. Celles-ci sont pour votre commodit\u00e9 afin que vous n&#8217;ayez pas \u00e0 remplir \u00e0 nouveau vos coordonn\u00e9es lorsque vous laissez un autre commentaire. Ces cookies dureront un an. N\u00e9anmoins, vous n&#8217;\u00eates pas oblig\u00e9 d&#8217;enregistrer vos informations sur notre syst\u00e8me en ligne.<\/p>\n<p>Lorsque vous vous connectez, nous mettrons \u00e9galement en place plusieurs cookies pour enregistrer vos informations de connexion et vos choix d&#8217;affichage \u00e0 l&#8217;\u00e9cran. Les cookies de connexion durent deux jours et les cookies d&#8217;options d&#8217;\u00e9cran durent un an. Si vous s\u00e9lectionnez \u00ab Se souvenir de moi \u00bb, votre connexion persistera pendant deux semaines. Si vous vous d\u00e9connectez de votre compte, les cookies de connexion seront supprim\u00e9s.<\/p>\n<p>Si vous modifiez ou publiez un article, un cookie suppl\u00e9mentaire sera enregistr\u00e9 dans votre navigateur. Ce cookie ne contient aucune donn\u00e9e personnelle et indique simplement l&#8217;ID de publication de l&#8217;article que vous venez de modifier. Il expire apr\u00e8s 1 jour.<\/p>\n<p>(b) Contenu int\u00e9gr\u00e9 d&#8217;autres sites Web<\/p>\n<p>Les articles de ce site peuvent inclure du contenu int\u00e9gr\u00e9 (par exemple des vid\u00e9os, des images, des articles, etc.). Le contenu int\u00e9gr\u00e9 d&#8217;autres sites Web se comporte exactement de la m\u00eame mani\u00e8re que si le visiteur avait visit\u00e9 l&#8217;autre site Web.<\/p>\n<p>Ces sites Web peuvent collecter des donn\u00e9es \u00e0 votre sujet, utiliser des cookies, int\u00e9grer un suivi tiers suppl\u00e9mentaire et surveiller votre interaction avec ce contenu int\u00e9gr\u00e9, y compris le suivi de votre interaction avec le contenu int\u00e9gr\u00e9 si vous avez un compte et \u00eates connect\u00e9 \u00e0 ce site Web.<\/p>\n<p><strong>DIVULGATION DE VOS INFORMATIONS<\/strong><\/p>\n<p>Nous partageons vos informations avec nos partenaires et notre personnel pour am\u00e9liorer votre exp\u00e9rience client. Dans diff\u00e9rentes circonstances, nous pouvons divulguer toute information qui ne vous identifie pas en tant qu&#8217;individu ou votre entreprise. Cependant, toute fausse d\u00e9claration d&#8217;un individu ou d&#8217;une entreprise peut \u00eatre divulgu\u00e9e si la loi l&#8217;exige.<\/p>\n<p>Nous pouvons \u00e9galement divulguer vos informations :<\/p>\n<ul>\n<li>Avec votre consentement, \u00e0 nos sous-traitants, filiales, soci\u00e9t\u00e9s affili\u00e9es et partenaires tiers pour mener \u00e0 bien leurs projets li\u00e9s \u00e0 notre activit\u00e9.<\/li>\n<li>Pour prot\u00e9ger la propri\u00e9t\u00e9 intellectuelle contre la fraude, nous pouvons partager vos informations avec d&#8217;autres personnes et entreprises.<\/li>\n<li>Avec votre permission.<\/li>\n<li>Si requis par la loi.<\/li>\n<\/ul>\n<p><strong>COMBIEN DE TEMPS CONSERVONS-NOUS VOS DONN\u00c9ES?<\/strong><\/p>\n<p>Si vous laissez un commentaire, le commentaire et ses m\u00e9tadonn\u00e9es sont conserv\u00e9s ind\u00e9finiment. C&#8217;est ainsi que nous pouvons reconna\u00eetre et approuver automatiquement tous les commentaires de suivi au lieu de les conserver dans une file d&#8217;attente de mod\u00e9ration.<\/p>\n<p>Pour les utilisateurs qui s&#8217;inscrivent sur notre site Web ou s&#8217;abonnent \u00e0 nos newsletters, nous stockons \u00e9galement les informations personnelles qu&#8217;ils fournissent dans leur profil d&#8217;utilisateur. Vous pouvez voir, modifier ou supprimer vos informations personnelles \u00e0 tout moment (sauf que vous ne pouvez pas modifier votre nom d&#8217;utilisateur). L&#8217;administrateur du site Web peut \u00e9galement voir et modifier vos informations.<\/p>\n<p><strong>VOS DROITS SUR VOS DONN\u00c9ES<\/strong><\/p>\n<p>Vous avez des droits absolus sur vos informations personnelles. Si vous avez un compte sur ce site ou avez laiss\u00e9 des commentaires, vous pouvez demander \u00e0 recevoir un fichier export\u00e9 des donn\u00e9es personnelles que nous d\u00e9tenons \u00e0 votre sujet, y compris les donn\u00e9es que vous nous avez fournies. Vous pouvez \u00e9galement demander que nous effacions toutes les donn\u00e9es personnelles que nous d\u00e9tenons \u00e0 votre sujet. Cela n&#8217;inclut pas les donn\u00e9es que nous sommes oblig\u00e9s de conserver \u00e0 des fins administratives, juridiques ou de s\u00e9curit\u00e9.<\/p>\n<p><strong>COMMENT NOUS PROT\u00c9GEONS VOS DONN\u00c9ES<\/strong><\/p>\n<p>Nous ferons de notre mieux pour prot\u00e9ger vos donn\u00e9es. Pour assurer un stockage s\u00e9curis\u00e9 de vos donn\u00e9es et pour prot\u00e9ger vos informations contre l&#8217;acc\u00e8s, la modification, la perte, la divulgation ou toute manipulation non autoris\u00e9e, y compris, mais sans s&#8217;y limiter, vos d\u00e9tails de paiement ou vos informations d&#8217;adresse, nous nous assurons que nos param\u00e8tres de confidentialit\u00e9 sont \u00e0 jour. Nous cryptons \u00e9galement vos donn\u00e9es et mettons \u00e0 jour notre syst\u00e8me pour une s\u00e9curit\u00e9 maximale.<\/p>\n<p>N\u00e9anmoins, nous ne pouvons garantir la s\u00e9curit\u00e9 totale de vos informations personnelles de notre c\u00f4t\u00e9. Nous vous recommandons de prendre soin de vos donn\u00e9es et de les utiliser \u00e0 vos propres risques. Nous ne serons pas responsables de toute fraude qui se produira pendant ou apr\u00e8s le partage de vos informations personnelles sur notre site Web.<\/p>\n<p><strong>AUTRES CLAUSES<\/strong><\/p>\n<p>GOLDEN LINES TRANSLATION, INC. n&#8217;accepte aucune relation d&#8217;affaires avec des enfants de moins de 18 ans. Nos conditions d&#8217;utilisation et conditions s&#8217;appliquent, et toute fausse d\u00e9claration d&#8217;un individu, d&#8217;une entreprise ou d&#8217;une organisation est punie par la loi.<\/p>\n<p><strong>INFORMATIONS DE CONTACT<\/strong><\/p>\n<p>Pour toute requ\u00eate, question ou commentaire ou pour signaler toute fraude, veuillez communiquer avec notre \u00e9quipe de direction \u00e0 <a href=\"mailto:direction@goldenlines.ca\">direction@goldenlines.ca<\/a>.<\/p>\n<p>&nbsp;<\/p>\n<p><strong>Derni\u00e8re mise \u00e0 jour : mai 2021<\/strong><\/p>\n<p>[\/et_pb_blurb][\/et_pb_column][\/et_pb_row][\/et_pb_section]<\/p>\n","protected":false},"excerpt":{"rendered":"<p>GOLDEN LINES TRANSLATION, INC. est une soci\u00e9t\u00e9 offrant des services linguistiques de traduction et de localisation. Nos sites Web sont accessibles localement \u00e0 goldenlines.ca. Cette politique de confidentialit\u00e9 s&#8217;applique \u00e0 vos informations personnelles que vous fournissez lorsque vous vous connectez \u00e0 notre site Web ou aux donn\u00e9es que vous soumettez \u00e0 notre syst\u00e8me en ligne [&hellip;]<\/p>\n","protected":false},"author":1,"featured_media":0,"parent":0,"menu_order":0,"comment_status":"closed","ping_status":"closed","template":"","meta":{"_et_pb_use_builder":"on","_et_pb_old_content":"","_et_gb_content_width":"","_editorskit_title_hidden":false,"_editorskit_reading_time":0,"_editorskit_is_block_options_detached":false,"_editorskit_block_options_position":"{}","footnotes":""},"_links":{"self":[{"href":"https:\/\/goldenlines.ca\/fr\/wp-json\/wp\/v2\/pages\/636"}],"collection":[{"href":"https:\/\/goldenlines.ca\/fr\/wp-json\/wp\/v2\/pages"}],"about":[{"href":"https:\/\/goldenlines.ca\/fr\/wp-json\/wp\/v2\/types\/page"}],"author":[{"embeddable":true,"href":"https:\/\/goldenlines.ca\/fr\/wp-json\/wp\/v2\/users\/1"}],"replies":[{"embeddable":true,"href":"https:\/\/goldenlines.ca\/fr\/wp-json\/wp\/v2\/comments?post=636"}],"version-history":[{"count":11,"href":"https:\/\/goldenlines.ca\/fr\/wp-json\/wp\/v2\/pages\/636\/revisions"}],"predecessor-version":[{"id":224114,"href":"https:\/\/goldenlines.ca\/fr\/wp-json\/wp\/v2\/pages\/636\/revisions\/224114"}],"wp:attachment":[{"href":"https:\/\/goldenlines.ca\/fr\/wp-json\/wp\/v2\/media?parent=636"}],"curies":[{"name":"wp","href":"https:\/\/api.w.org\/{rel}","templated":true}]}}