{"id":654,"date":"2021-04-15T11:26:49","date_gmt":"2021-04-15T16:26:49","guid":{"rendered":"http:\/\/goldenlines.sg2.wp.websites.ca\/tarification\/"},"modified":"2022-06-14T19:49:28","modified_gmt":"2022-06-15T00:49:28","slug":"tarification","status":"publish","type":"page","link":"https:\/\/goldenlines.ca\/fr\/tarification\/","title":{"rendered":"Tarification"},"content":{"rendered":"<p>[et_pb_section fb_built=&#8221;1&#8243; custom_padding_last_edited=&#8221;on|desktop&#8221; _builder_version=&#8221;4.16&#8243; _module_preset=&#8221;default&#8221; background_enable_color=&#8221;off&#8221; use_background_color_gradient=&#8221;on&#8221; background_color_gradient_stops=&#8221;rgba(5,23,45,0.95) 0%|rgba(5,23,45,0.95) 100%&#8221; background_color_gradient_overlays_image=&#8221;on&#8221; background_color_gradient_start=&#8221;rgba(5,23,45,0.95)&#8221; background_color_gradient_end=&#8221;rgba(5,23,45,0.95)&#8221; background_image=&#8221;https:\/\/goldenlines.ca\/wp-content\/uploads\/2021\/03\/cropped-White-blue.png&#8221; custom_padding=&#8221;87px||87px||true|false&#8221; custom_padding_tablet=&#8221;57px||57px||true|false&#8221; custom_padding_phone=&#8221;&#8221; locked=&#8221;off&#8221; global_colors_info=&#8221;{}&#8221;][et_pb_row make_equal=&#8221;on&#8221; _builder_version=&#8221;4.16&#8243; _module_preset=&#8221;default&#8221; custom_padding=&#8221;0px||0px||false|false&#8221; custom_css_main_element=&#8221;margin: auto&#8221; global_colors_info=&#8221;{}&#8221;][et_pb_column type=&#8221;4_4&#8243; _builder_version=&#8221;4.16&#8243; _module_preset=&#8221;default&#8221; global_colors_info=&#8221;{}&#8221;][et_pb_text _builder_version=&#8221;4.16&#8243; _dynamic_attributes=&#8221;content&#8221; text_font=&#8221;Oswald|600||on|||||&#8221; text_text_color=&#8221;#FFFFFF&#8221; text_font_size=&#8221;52px&#8221; text_letter_spacing=&#8221;4px&#8221; text_line_height=&#8221;1.1em&#8221; header_font=&#8221;Oswald|||on|||||&#8221; header_font_size=&#8221;60px&#8221; header_letter_spacing=&#8221;5px&#8221; header_line_height=&#8221;1.4em&#8221; text_orientation=&#8221;center&#8221; max_width=&#8221;700px&#8221; module_alignment=&#8221;center&#8221; custom_margin=&#8221;0px||0px||false|false&#8221; custom_padding=&#8221;0px||0px||false|false&#8221; animation_style=&#8221;fade&#8221; text_font_size_tablet=&#8221;&#8221; text_font_size_phone=&#8221;29px&#8221; text_font_size_last_edited=&#8221;on|phone&#8221; header_font_size_tablet=&#8221;&#8221; header_font_size_phone=&#8221;34px&#8221; header_font_size_last_edited=&#8221;on|phone&#8221; global_colors_info=&#8221;{}&#8221;]@ET-DC@eyJkeW5hbWljIjp0cnVlLCJjb250ZW50IjoicG9zdF90aXRsZSIsInNldHRpbmdzIjp7ImJlZm9yZSI6IiIsImFmdGVyIjoiIn19@[\/et_pb_text][\/et_pb_column][\/et_pb_row][\/et_pb_section][et_pb_section fb_built=&#8221;1&#8243; _builder_version=&#8221;4.16&#8243; background_color=&#8221;#F7F7F7&#8243; custom_padding=&#8221;60px|0px|60px|0px|true|&#8221; global_colors_info=&#8221;{}&#8221;][et_pb_row admin_label=&#8221;Ligne d&#8217;en-t\u00eate de section&#8221; _builder_version=&#8221;4.16&#8243; global_colors_info=&#8221;{}&#8221;][et_pb_column type=&#8221;4_4&#8243; _builder_version=&#8221;4.16&#8243; custom_padding=&#8221;|||&#8221; global_colors_info=&#8221;{}&#8221; custom_padding__hover=&#8221;|||&#8221;][et_pb_text admin_label=&#8221;Enjoy our quality service&#8221; _builder_version=&#8221;4.16&#8243; text_font=&#8221;Open Sans||||||||&#8221; text_line_height=&#8221;1.8em&#8221; header_font=&#8221;||||||||&#8221; header_2_font=&#8221;Oswald|||on|||||&#8221; header_2_text_color=&#8221;#05172D&#8221; header_2_font_size=&#8221;20px&#8221; header_2_letter_spacing=&#8221;3px&#8221; header_2_line_height=&#8221;1.4em&#8221; text_orientation=&#8221;center&#8221; max_width=&#8221;800px&#8221; module_alignment=&#8221;center&#8221; global_colors_info=&#8221;{}&#8221;]<\/p>\n<h2 style=\"text-align: center;\">Profitez de nos services de qualit\u00e9 et d&#8217;un<\/h2>\n<h2 style=\"text-align: center;\">bon rapport qualit\u00e9 prix!<\/h2>\n<p>Nous nous engageons \u00e0 offrir \u00e0 nos clients un service de qualit\u00e9 et un bon rapport qualit\u00e9-prix. Vous trouverez ci-dessous nos tarifs de service et les facteurs qui influencent notre politique de prix. Veuillez noter que nos prix sont hors taxes et varient d&#8217;un projet \u00e0 l&#8217;autre. Pour plus d&#8217;informations, nous encourageons nos clients \u00e0 demander un devis pour leurs projets.<\/p>\n<p>[\/et_pb_text][\/et_pb_column][\/et_pb_row][et_pb_row column_structure=&#8221;1_3,1_3,1_3&#8243; _builder_version=&#8221;4.16&#8243; global_colors_info=&#8221;{}&#8221;][et_pb_column type=&#8221;1_3&#8243; _builder_version=&#8221;4.16&#8243; custom_padding=&#8221;|||&#8221; global_colors_info=&#8221;{}&#8221; custom_padding__hover=&#8221;|||&#8221;][et_pb_blurb title=&#8221;Traduction&#8221; use_icon=&#8221;on&#8221; font_icon=&#8221;&#x4b;||divi||400&#8243; icon_color=&#8221;#D3C378&#8243; icon_placement=&#8221;left&#8221; content_max_width=&#8221;100%&#8221; image_icon_width_last_edited=&#8221;off|desktop&#8221; admin_label=&#8221;Translation&#8221; _builder_version=&#8221;4.16&#8243; header_font=&#8221;Oswald|||on|||||&#8221; header_font_size=&#8221;18px&#8221; header_letter_spacing=&#8221;2px&#8221; header_line_height=&#8221;1.7em&#8221; body_font=&#8221;Open Sans||||||||&#8221; body_line_height=&#8221;1.8em&#8221; animation=&#8221;off&#8221; border_color_all_image=&#8221;rgba(51,51,51,0)&#8221; border_style_all_image=&#8221;none&#8221; image_max_width_last_edited=&#8221;off|desktop&#8221; global_colors_info=&#8221;{}&#8221;]<span style=\"color: #9d8d51;\"><strong>\u00c0 partir de 20 \u00a2 par mot<\/strong><\/span><br \/>\nDivers facteurs influencent les prix. Le volume de votre travail, le champ de texte, la langue, le d\u00e9lai d&#8217;ex\u00e9cution souhait\u00e9, le format de fichier, etc. d\u00e9termineront le co\u00fbt total de votre projet.[\/et_pb_blurb][\/et_pb_column][et_pb_column type=&#8221;1_3&#8243; _builder_version=&#8221;4.16&#8243; custom_padding=&#8221;|||&#8221; global_colors_info=&#8221;{}&#8221; custom_padding__hover=&#8221;|||&#8221;][et_pb_blurb title=&#8221;Localisation&#8221; use_icon=&#8221;on&#8221; font_icon=&#8221;&#x4b;||divi||400&#8243; icon_color=&#8221;#D3C378&#8243; icon_placement=&#8221;left&#8221; content_max_width=&#8221;100%&#8221; image_icon_width_last_edited=&#8221;off|desktop&#8221; admin_label=&#8221;Interpretation&#8221; _builder_version=&#8221;4.16&#8243; header_font=&#8221;Oswald|||on|||||&#8221; header_font_size=&#8221;18px&#8221; header_letter_spacing=&#8221;2px&#8221; header_line_height=&#8221;1.7em&#8221; body_font=&#8221;Open Sans||||||||&#8221; body_line_height=&#8221;1.8em&#8221; animation=&#8221;off&#8221; border_color_all_image=&#8221;rgba(51,51,51,0)&#8221; border_style_all_image=&#8221;none&#8221; image_max_width_last_edited=&#8221;off|desktop&#8221; global_colors_info=&#8221;{}&#8221;]<\/p>\n<p><span style=\"color: #9d8d51;\"><strong>\u00c0 partir de 25 \u00a2 par mot<\/strong><\/span><br \/>Les prix varient en fonction de la combinaison de langues et de l\u2019industrie. Bien que nous g\u00e9rions votre projet de mani\u00e8re professionnelle, nos frais de service de localisation typiques sont raisonnablement comp\u00e9titifs.<\/p>\n<p>[\/et_pb_blurb][\/et_pb_column][et_pb_column type=&#8221;1_3&#8243; _builder_version=&#8221;4.16&#8243; custom_padding=&#8221;|||&#8221; global_colors_info=&#8221;{}&#8221; custom_padding__hover=&#8221;|||&#8221;][et_pb_blurb title=&#8221;R\u00e9vision&#8221; use_icon=&#8221;on&#8221; font_icon=&#8221;&#x4b;||divi||400&#8243; icon_color=&#8221;#D3C378&#8243; icon_placement=&#8221;left&#8221; content_max_width=&#8221;100%&#8221; image_icon_width_last_edited=&#8221;off|desktop&#8221; admin_label=&#8221;Localization&#8221; _builder_version=&#8221;4.17.4&#8243; header_font=&#8221;Oswald|||on|||||&#8221; header_font_size=&#8221;18px&#8221; header_letter_spacing=&#8221;2px&#8221; header_line_height=&#8221;1.7em&#8221; body_font=&#8221;Open Sans||||||||&#8221; body_line_height=&#8221;1.8em&#8221; animation=&#8221;off&#8221; hover_enabled=&#8221;0&#8243; border_color_all_image=&#8221;rgba(51,51,51,0)&#8221; border_style_all_image=&#8221;none&#8221; image_max_width_last_edited=&#8221;off|desktop&#8221; global_colors_info=&#8221;{}&#8221; sticky_enabled=&#8221;0&#8243;]<\/p>\n<p><span style=\"color: #9d8d51;\"><strong>\u00c0 partir de 10 \u00a2 par mot<\/strong><\/span><br \/>Nos tarifs pour la r\u00e9vision de textes traduits par une autre source varient en fonction de la technicalit\u00e9 et du domaine de texte. Bien que nous g\u00e9rions votre projet de mani\u00e8re professionnelle, nos frais de service de r\u00e9vision sont raisonnablement imbattables.<\/p>\n<p>[\/et_pb_blurb][\/et_pb_column][\/et_pb_row][et_pb_row column_structure=&#8221;1_3,1_3,1_3&#8243; _builder_version=&#8221;4.16&#8243; global_colors_info=&#8221;{}&#8221;][et_pb_column type=&#8221;1_3&#8243; _builder_version=&#8221;4.16&#8243; custom_padding=&#8221;|||&#8221; global_colors_info=&#8221;{}&#8221; custom_padding__hover=&#8221;|||&#8221;][et_pb_blurb title=&#8221;Transcription&#8221; use_icon=&#8221;on&#8221; font_icon=&#8221;&#x4b;||divi||400&#8243; icon_color=&#8221;#D3C378&#8243; icon_placement=&#8221;left&#8221; content_max_width=&#8221;100%&#8221; image_icon_width_last_edited=&#8221;off|desktop&#8221; admin_label=&#8221;Desktop Publishing&#8221; _builder_version=&#8221;4.17.4&#8243; header_font=&#8221;Oswald|||on|||||&#8221; header_font_size=&#8221;18px&#8221; header_letter_spacing=&#8221;2px&#8221; header_line_height=&#8221;1.7em&#8221; body_font=&#8221;Open Sans||||||||&#8221; body_line_height=&#8221;1.8em&#8221; animation=&#8221;off&#8221; border_color_all_image=&#8221;rgba(51,51,51,0)&#8221; border_style_all_image=&#8221;none&#8221; image_max_width_last_edited=&#8221;off|desktop&#8221; global_colors_info=&#8221;{}&#8221;]<\/p>\n<p><span style=\"color: #9d8d51;\"><strong>\u00c0 partir de 10 $ par minute<\/strong><\/span><br \/>Tout comme la traduction et l\u2019interpr\u00e9tation, le prix de la transcription est d\u00e9termin\u00e9 par diff\u00e9rents facteurs. Par exemple, si vous souhaitez que votre projet de transcription soit cod\u00e9 temporellement, il sera factur\u00e9 plus que la transcription g\u00e9n\u00e9rale. Notez que la traduction sera factur\u00e9e s\u00e9par\u00e9ment. Si vous avez besoin d\u2019un devis pour un service combin\u00e9, veuillez nous en informer \u00e0 l\u2019avance.<\/p>\n<p>[\/et_pb_blurb][\/et_pb_column][et_pb_column type=&#8221;1_3&#8243; _builder_version=&#8221;4.16&#8243; custom_padding=&#8221;|||&#8221; global_colors_info=&#8221;{}&#8221; custom_padding__hover=&#8221;|||&#8221;][et_pb_blurb title=&#8221;Transcr\u00e9ation&#8221; use_icon=&#8221;on&#8221; font_icon=&#8221;&#x4b;||divi||400&#8243; icon_color=&#8221;#D3C378&#8243; icon_placement=&#8221;left&#8221; content_max_width=&#8221;100%&#8221; image_icon_width_last_edited=&#8221;off|desktop&#8221; admin_label=&#8221;Transcription&#8221; _builder_version=&#8221;4.16&#8243; header_font=&#8221;Oswald|||on|||||&#8221; header_font_size=&#8221;18px&#8221; header_letter_spacing=&#8221;2px&#8221; header_line_height=&#8221;1.7em&#8221; body_font=&#8221;Open Sans||||||||&#8221; body_line_height=&#8221;1.8em&#8221; animation=&#8221;off&#8221; border_color_all_image=&#8221;rgba(51,51,51,0)&#8221; border_style_all_image=&#8221;none&#8221; image_max_width_last_edited=&#8221;off|desktop&#8221; global_colors_info=&#8221;{}&#8221;]<span style=\"color: #9d8d51;\"><strong>\u00c0 partir de 150 $ par page<\/strong><\/span><br \/>\nEn fonction de l\u2019utilisation pr\u00e9vue de votre projet, les processus de traduction, de conception et d\u2019adaptation seront diff\u00e9rents.[\/et_pb_blurb][\/et_pb_column][et_pb_column type=&#8221;1_3&#8243; _builder_version=&#8221;4.16&#8243; custom_padding=&#8221;|||&#8221; global_colors_info=&#8221;{}&#8221; custom_padding__hover=&#8221;|||&#8221;][et_pb_blurb title=&#8221;\u00c9ditique&#8221; use_icon=&#8221;on&#8221; font_icon=&#8221;&#x4b;||divi||400&#8243; icon_color=&#8221;#D3C378&#8243; icon_placement=&#8221;left&#8221; content_max_width=&#8221;100%&#8221; image_icon_width_last_edited=&#8221;off|desktop&#8221; admin_label=&#8221;Transcreation&#8221; _builder_version=&#8221;4.16&#8243; header_font=&#8221;Oswald|||on|||||&#8221; header_font_size=&#8221;18px&#8221; header_letter_spacing=&#8221;2px&#8221; header_line_height=&#8221;1.7em&#8221; body_font=&#8221;Open Sans||||||||&#8221; body_line_height=&#8221;1.8em&#8221; animation=&#8221;off&#8221; border_color_all_image=&#8221;rgba(51,51,51,0)&#8221; border_style_all_image=&#8221;none&#8221; image_max_width_last_edited=&#8221;off|desktop&#8221; global_colors_info=&#8221;{}&#8221;]<span style=\"color: #9d8d51;\"><strong>\u00c0 partir de 100 $ par page<\/strong><\/span><br \/>\n\u00c9tant donn\u00e9 qu&#8217;un service d\u2019\u00e9ditique inclut plusieurs \u00e9tapes, les prix varient en fonction de ceux dont vous avez besoin. Votre projet sera factur\u00e9 en fonction des services tels que la pr\u00e9paration, l&#8217;\u00e9dition, la conception et la pr\u00e9paration des pages, la relecture et l&#8217;impression des manuscrits.[\/et_pb_blurb][\/et_pb_column][\/et_pb_row][et_pb_row column_structure=&#8221;1_3,1_3,1_3&#8243; _builder_version=&#8221;4.16&#8243; global_colors_info=&#8221;{}&#8221;][et_pb_column type=&#8221;1_3&#8243; _builder_version=&#8221;4.16&#8243; custom_padding=&#8221;|||&#8221; global_colors_info=&#8221;{}&#8221; custom_padding__hover=&#8221;|||&#8221;][et_pb_blurb title=&#8221;Validation linguistique&#8221; use_icon=&#8221;on&#8221; font_icon=&#8221;&#x4b;||divi||400&#8243; icon_color=&#8221;#D3C378&#8243; icon_placement=&#8221;left&#8221; content_max_width=&#8221;100%&#8221; image_icon_width_last_edited=&#8221;off|desktop&#8221; admin_label=&#8221;Voice-over&#8221; _builder_version=&#8221;4.16&#8243; header_font=&#8221;Oswald|||on|||||&#8221; header_font_size=&#8221;18px&#8221; header_letter_spacing=&#8221;2px&#8221; header_line_height=&#8221;1.7em&#8221; body_font=&#8221;Open Sans||||||||&#8221; body_line_height=&#8221;1.8em&#8221; animation=&#8221;off&#8221; border_color_all_image=&#8221;rgba(51,51,51,0)&#8221; border_style_all_image=&#8221;none&#8221; image_max_width_last_edited=&#8221;off|desktop&#8221; global_colors_info=&#8221;{}&#8221;]<span style=\"color: #9d8d51;\"><strong>\u00c0 partir de 1,200 $ par projet**<\/strong><\/span><br \/>\nSelon les \u00e9tapes effectu\u00e9es durant le processus de validation linguistique, il n\u2019y aurait aucun tarif direct pour votre projet. <\/p>\n<p>Le co\u00fbt du projet d\u00e9pend de plusieurs facteurs \u2013 y compris le volume de travail, le d\u00e9lai, le domaine du projet, ainsi de suite. De toute fa\u00e7on, nous nous assurons que votre projet soit ex\u00e9cut\u00e9 rapidement et de mani\u00e8re professionnelle. <\/p>\n<p>Notre expert linguistique serait capable de r\u00e9pondre \u00e0 vos questions relatives au processus et \u00e0 la tarification. Veuillez communiquer avec notre \u00e9quipe aujourd\u2019hui pour demander plus de renseignements, ou pour fournir directement les d\u00e9tails de votre projet et demander donc un devis.<\/p>\n<p><em>** Charge minimale<\/em>[\/et_pb_blurb][\/et_pb_column][et_pb_column type=&#8221;1_3&#8243; _builder_version=&#8221;4.16&#8243; custom_padding=&#8221;|||&#8221; global_colors_info=&#8221;{}&#8221; custom_padding__hover=&#8221;|||&#8221;][et_pb_blurb title=&#8221;Post-\u00e9dition&#8221; use_icon=&#8221;on&#8221; font_icon=&#8221;&#x4b;||divi||400&#8243; icon_color=&#8221;#D3C378&#8243; icon_placement=&#8221;left&#8221; content_max_width=&#8221;100%&#8221; image_icon_width_last_edited=&#8221;off|desktop&#8221; admin_label=&#8221;Editing&#8221; _builder_version=&#8221;4.17.4&#8243; header_font=&#8221;Oswald|||on|||||&#8221; header_font_size=&#8221;18px&#8221; header_letter_spacing=&#8221;2px&#8221; header_line_height=&#8221;1.7em&#8221; body_font=&#8221;Open Sans||||||||&#8221; body_line_height=&#8221;1.8em&#8221; animation=&#8221;off&#8221; hover_enabled=&#8221;0&#8243; border_color_all_image=&#8221;rgba(51,51,51,0)&#8221; border_style_all_image=&#8221;none&#8221; image_max_width_last_edited=&#8221;off|desktop&#8221; global_colors_info=&#8221;{}&#8221; sticky_enabled=&#8221;0&#8243;]<\/p>\n<p><span style=\"color: #9d8d51;\"><strong>\u00c0 partir de 10 \u00a2 par mot<\/strong><\/span><br \/>Gr\u00e2ce \u00e0 notre technologie de traduction avanc\u00e9e, nous sommes en mesure de fournir \u00e0 nos clients des prix \u00e9quitables et un bon rapport qualit\u00e9-prix. Au moyen d&#8217;outils de TAO (traduction assist\u00e9e par ordinateur), nous calculons le contenu traduit automatiquement par rapport au reste du texte tel que d\u00e9termin\u00e9 par une MT (m\u00e9moire de traduction).<br \/>\u00c0 partir de ces correspondances exactes, approximatives et sans correspondance, nous sommes en mesure de d\u00e9terminer le co\u00fbt de votre projet en tenant compte de la qualit\u00e9 de traduction souhait\u00e9e. Cela est g\u00e9n\u00e9ralement directement calcul\u00e9 en pourcentage, ce qui rend le processus de tarification juste et fiable en fonction de la quantit\u00e9 de travail d\u00e9j\u00e0 effectu\u00e9e par la TA (traduction automatique) par rapport \u00e0 notre r\u00f4le linguistique.<\/p>\n<p>Nous appliquons soit des frais maximum ou minimum en fonction des besoins de nos clients, mais les frais ne sont g\u00e9n\u00e9ralement pas directement pr\u00e9visibles. Cependant, comme les statistiques de projets sont \u00e9videntes, nous d\u00e9terminons g\u00e9n\u00e9ralement le co\u00fbt de votre projet au stade de l&#8217;ach\u00e8vement. Notre expert en ventes aura le plaisir d&#8217;\u00e9valuer votre projet pour vous.<\/p>\n<p>[\/et_pb_blurb][\/et_pb_column][et_pb_column type=&#8221;1_3&#8243; _builder_version=&#8221;4.16&#8243; custom_padding=&#8221;|||&#8221; global_colors_info=&#8221;{}&#8221; custom_padding__hover=&#8221;|||&#8221;][\/et_pb_column][\/et_pb_row][\/et_pb_section]<\/p>\n","protected":false},"excerpt":{"rendered":"<p>Profitez de nos services de qualit\u00e9 et d&#8217;un bon rapport qualit\u00e9 prix! Nous nous engageons \u00e0 offrir \u00e0 nos clients un service de qualit\u00e9 et un bon rapport qualit\u00e9-prix. Vous trouverez ci-dessous nos tarifs de service et les facteurs qui influencent notre politique de prix. Veuillez noter que nos prix sont hors taxes et varient [&hellip;]<\/p>\n","protected":false},"author":1,"featured_media":0,"parent":0,"menu_order":0,"comment_status":"closed","ping_status":"closed","template":"","meta":{"_et_pb_use_builder":"on","_et_pb_old_content":"","_et_gb_content_width":"","_editorskit_title_hidden":false,"_editorskit_reading_time":0,"_editorskit_is_block_options_detached":false,"_editorskit_block_options_position":"{}","footnotes":""},"_links":{"self":[{"href":"https:\/\/goldenlines.ca\/fr\/wp-json\/wp\/v2\/pages\/654"}],"collection":[{"href":"https:\/\/goldenlines.ca\/fr\/wp-json\/wp\/v2\/pages"}],"about":[{"href":"https:\/\/goldenlines.ca\/fr\/wp-json\/wp\/v2\/types\/page"}],"author":[{"embeddable":true,"href":"https:\/\/goldenlines.ca\/fr\/wp-json\/wp\/v2\/users\/1"}],"replies":[{"embeddable":true,"href":"https:\/\/goldenlines.ca\/fr\/wp-json\/wp\/v2\/comments?post=654"}],"version-history":[{"count":21,"href":"https:\/\/goldenlines.ca\/fr\/wp-json\/wp\/v2\/pages\/654\/revisions"}],"predecessor-version":[{"id":261099,"href":"https:\/\/goldenlines.ca\/fr\/wp-json\/wp\/v2\/pages\/654\/revisions\/261099"}],"wp:attachment":[{"href":"https:\/\/goldenlines.ca\/fr\/wp-json\/wp\/v2\/media?parent=654"}],"curies":[{"name":"wp","href":"https:\/\/api.w.org\/{rel}","templated":true}]}}