{"id":689,"date":"2021-04-15T11:51:38","date_gmt":"2021-04-15T16:51:38","guid":{"rendered":"http:\/\/goldenlines.sg2.wp.websites.ca\/demander-un-devis\/"},"modified":"2021-05-19T11:48:19","modified_gmt":"2021-05-19T16:48:19","slug":"demander-un-devis","status":"publish","type":"page","link":"https:\/\/goldenlines.ca\/fr\/demander-un-devis\/","title":{"rendered":"Demander un devis"},"content":{"rendered":"<p>[et_pb_section fb_built=&#8221;1&#8243; custom_padding_last_edited=&#8221;on|desktop&#8221; _builder_version=&#8221;4.9.2&#8243; _module_preset=&#8221;default&#8221; background_enable_color=&#8221;off&#8221; use_background_color_gradient=&#8221;on&#8221; background_color_gradient_start=&#8221;rgba(5,23,45,0.95)&#8221; background_color_gradient_end=&#8221;rgba(5,23,45,0.95)&#8221; background_color_gradient_overlays_image=&#8221;on&#8221; background_image=&#8221;https:\/\/goldenlines.ca\/wp-content\/uploads\/2021\/03\/cropped-White-blue.png&#8221; custom_padding=&#8221;87px||87px||true|false&#8221; custom_padding_tablet=&#8221;57px||57px||true|false&#8221; custom_padding_phone=&#8221;&#8221; locked=&#8221;off&#8221;][et_pb_row make_equal=&#8221;on&#8221; _builder_version=&#8221;4.9.2&#8243; _module_preset=&#8221;default&#8221; custom_padding=&#8221;0px||0px||false|false&#8221; custom_css_main_element=&#8221;margin: auto&#8221;][et_pb_column type=&#8221;4_4&#8243; _builder_version=&#8221;4.9.2&#8243; _module_preset=&#8221;default&#8221;][et_pb_text _builder_version=&#8221;4.9.2&#8243; _dynamic_attributes=&#8221;content&#8221; text_font=&#8221;Oswald|600||on|||||&#8221; text_text_color=&#8221;#FFFFFF&#8221; text_font_size=&#8221;52px&#8221; text_letter_spacing=&#8221;4px&#8221; text_line_height=&#8221;1.1em&#8221; header_font=&#8221;Oswald|||on|||||&#8221; header_font_size=&#8221;60px&#8221; header_letter_spacing=&#8221;5px&#8221; header_line_height=&#8221;1.4em&#8221; text_orientation=&#8221;center&#8221; max_width=&#8221;700px&#8221; module_alignment=&#8221;center&#8221; custom_margin=&#8221;0px||0px||false|false&#8221; custom_padding=&#8221;0px||0px||false|false&#8221; animation_style=&#8221;fade&#8221; hover_enabled=&#8221;0&#8243; text_font_size_tablet=&#8221;&#8221; text_font_size_phone=&#8221;29px&#8221; text_font_size_last_edited=&#8221;on|phone&#8221; header_font_size_tablet=&#8221;&#8221; header_font_size_phone=&#8221;34px&#8221; header_font_size_last_edited=&#8221;on|phone&#8221; sticky_enabled=&#8221;0&#8243;]@ET-DC@eyJkeW5hbWljIjp0cnVlLCJjb250ZW50IjoicG9zdF90aXRsZSIsInNldHRpbmdzIjp7ImJlZm9yZSI6IiIsImFmdGVyIjoiIn19@[\/et_pb_text][\/et_pb_column][\/et_pb_row][\/et_pb_section][et_pb_section fb_built=&#8221;1&#8243; admin_label=&#8221;Intro Section&#8221; _builder_version=&#8221;4.9.2&#8243; background_color=&#8221;#F7F7F7&#8243; custom_padding=&#8221;60px|0px|60px|0px|true|&#8221;][et_pb_row make_equal=&#8221;on&#8221; admin_label=&#8221;Ligne d&#8217;introduction&#8221; _builder_version=&#8221;4.9.2&#8243;][et_pb_column type=&#8221;4_4&#8243; _builder_version=&#8221;4.9.2&#8243; custom_padding=&#8221;|||&#8221; custom_padding__hover=&#8221;|||&#8221;][et_pb_text admin_label=&#8221;Please fill out and submit the contact form &#8221; _builder_version=&#8221;4.9.4&#8243; text_font=&#8221;Open Sans||||||||&#8221; text_line_height=&#8221;1.8em&#8221; header_font=&#8221;||||||||&#8221; header_2_font=&#8221;Oswald|||on|||||&#8221; header_2_text_color=&#8221;#05172D&#8221; header_2_font_size=&#8221;25px&#8221; header_2_letter_spacing=&#8221;3px&#8221; header_2_line_height=&#8221;1.4em&#8221; module_alignment=&#8221;center&#8221; custom_margin=&#8221;||||false|false&#8221; custom_margin_tablet=&#8221;0px|||&#8221; custom_margin_phone=&#8221;|||&#8221; custom_margin_last_edited=&#8221;off|desktop&#8221; hover_enabled=&#8221;0&#8243; sticky_enabled=&#8221;0&#8243;]<\/p>\n<p>Veuillez remplir et soumettre le formulaire de demande ci-dessous. Nous vous r\u00e9pondrons le plus t\u00f4t possible.<\/p>\n<p>Les champs marqu\u00e9s (*) sont obligatoires.<\/p>\n<p>[\/et_pb_text][et_pb_code admin_label=&#8221;form&#8221; _builder_version=&#8221;4.9.4&#8243; _module_preset=&#8221;default&#8221;]<div class=\"frm_forms  with_frm_style frm_style_formidable-style\" id=\"frm_form_10_container\" >\n<form enctype=\"multipart\/form-data\" method=\"post\" class=\"frm-show-form  frm_js_validate  frm_pro_form \" id=\"form_contact-formbfaf948e52e440d535b9\"  >\n<div class=\"frm_form_fields \">\n<fieldset>\n<legend class=\"frm_hidden\">Demander un devis<\/legend>\r\n<h3 class=\"frm_form_title\">Demander un devis<\/h3>\r\n<div class=\"frm_description\"><p>Envoyez-nous votre message par le biais du formulaire ci-apr\u00e8s.<\/p>\n<\/div><div class=\"frm_fields_container\">\n<input type=\"hidden\" name=\"frm_action\" value=\"create\" \/>\n<input type=\"hidden\" name=\"form_id\" value=\"10\" \/>\n<input type=\"hidden\" name=\"frm_hide_fields_10\" id=\"frm_hide_fields_10\" value=\"\" \/>\n<input type=\"hidden\" name=\"form_key\" value=\"contact-formbfaf948e52e440d535b9\" \/>\n<input type=\"hidden\" name=\"item_meta[0]\" value=\"\" \/>\n<input type=\"hidden\" id=\"frm_submit_entry_10\" name=\"frm_submit_entry_10\" value=\"32c57363d6\" \/><input type=\"hidden\" name=\"_wp_http_referer\" value=\"\/fr\/wp-json\/wp\/v2\/pages\/689\" \/><div id=\"frm_field_89_container\" class=\"frm_form_field form-field  frm_required_field frm_top_container\">\r\n    <label for=\"field_qh4icya1bfc8436a\" class=\"frm_primary_label\">Nom \r\n        <span class=\"frm_required\">*<\/span>\r\n    <\/label>\r\n    <input type=\"text\" id=\"field_qh4icya1bfc8436a\" name=\"item_meta[89]\" value=\"\"  data-reqmsg=\"This field cannot be blank.\" aria-required=\"true\" data-invmsg=\"Name is invalid\" aria-invalid=\"false\"  \/>\r\n    \r\n    \r\n<\/div>\n<div id=\"frm_field_90_container\" class=\"frm_form_field form-field  frm_required_field frm_top_container frm_first frm_two_thirds\">\r\n    <label for=\"field_29yf4d9f584b06a3\" class=\"frm_primary_label\">Adresse courriel\r\n        <span class=\"frm_required\">*<\/span>\r\n    <\/label>\r\n    <input type=\"email\" id=\"field_29yf4d9f584b06a3\" name=\"item_meta[90]\" value=\"\"  data-reqmsg=\"This field cannot be blank.\" aria-required=\"true\" data-invmsg=\"Please enter a valid email address\" aria-invalid=\"false\"  \/>\r\n    \r\n    \r\n<\/div>\n<div id=\"frm_field_91_container\" class=\"frm_form_field form-field  frm_top_container frm_third\">\r\n    <label for=\"field_xeppcb051b6e810e949c2f3f0\" class=\"frm_primary_label\">T\u00e9l\u00e9phone\r\n        <span class=\"frm_required\"><\/span>\r\n    <\/label>\r\n    <input type=\"tel\" id=\"field_xeppcb051b6e810e949c2f3f0\" name=\"item_meta[91]\" value=\"\"  data-invmsg=\"Phone is invalid\" aria-invalid=\"false\" pattern=\"((\\+\\d{1,3}(-|.| )?\\(?\\d\\)?(-| |.)?\\d{1,5})|(\\(?\\d{2,6}\\)?))(-|.| )?(\\d{3,4})(-|.| )?(\\d{4})(( x| ext)\\d{1,5}){0,1}$\"  \/>\r\n    \r\n    \r\n<\/div>\n<div id=\"frm_field_92_container\" class=\"frm_form_field form-field  frm_top_container frm_other_container\">\r\n    <label for=\"field_by5hdaaeba8d2c0\" id=\"field_by5hdaaeba8d2c0_label\" class=\"frm_primary_label\">Devis pour (s\u00e9lectionner)\r\n        <span class=\"frm_required\"><\/span>\r\n    <\/label>\r\n    \t\t<select name=\"item_meta[92]\" id=\"field_by5hdaaeba8d2c0\"  data-frmval=\"Traduction\" data-invmsg=\"Devis pour (s\u00e9lectionner) est non valide\" aria-invalid=\"false\"  >\n\t\t<option  value=\"Traduction\" selected='selected'>Traduction<\/option><option  value=\"Localisation\">Localisation<\/option><option  value=\"R\u00e9vision\">R\u00e9vision<\/option><option  value=\"Transcription\">Transcription<\/option><option  value=\"Transcr\u00e9ation\">Transcr\u00e9ation<\/option><option  value=\"\u00c9ditique\">\u00c9ditique<\/option><option  value=\"Validation linguistique\">Validation linguistique<\/option><option  value=\"Post-\u00e9dition\" class=\"frm_other_trigger\">Post-\u00e9dition<\/option><option  value=\"Autre\">Autre<\/option>\t<\/select>\n\t<label for=\"field_by5hdaaeba8d2c0-otext\" class=\"frm_screen_reader frm_hidden\">Devis pour (s\u00e9lectionner)<\/label><input type=\"text\" id=\"field_by5hdaaeba8d2c0-otext\" class=\"frm_other_input frm_pos_none\"  name=\"item_meta[other][92]\" value=\"\" \/>\r\n    \r\n    \r\n<\/div>\n<div id=\"frm_field_93_container\" class=\"frm_form_field form-field  frm_required_field frm_top_container frm_full\">\r\n    <label for=\"field_9jv0r18a0d23cbe9\" class=\"frm_primary_label\">Message\r\n        <span class=\"frm_required\">*<\/span>\r\n    <\/label>\r\n    <textarea name=\"item_meta[93]\" id=\"field_9jv0r18a0d23cbe9\" rows=\"4\"  data-reqmsg=\"This field cannot be blank.\" aria-required=\"true\" data-invmsg=\"Message est non valide\" aria-invalid=\"false\"  ><\/textarea>\r\n    \r\n    \r\n<\/div>\n<div id=\"frm_field_94_container\" class=\"frm_form_field form-field  frm_top_container\">\r\n    <label for=\"field_ztojl48d8102a84\" id=\"field_ztojl48d8102a84_label\" class=\"frm_primary_label\">T\u00e9l\u00e9charger des fichiers\r\n        <span class=\"frm_required\"><\/span>\r\n    <\/label>\r\n    <input type=\"hidden\" name=\"item_meta[94]\"  value=\"\" data-frmfile=\"94\" \/>\n\n<div class=\"frm_dropzone frm_single_upload frm_clearfix\" id=\"file94_dropzone\" role=\"group\" >\n\t<div class=\"fallback\">\n\t\t<input type=\"file\" name=\"file94\" id=\"field_ztojl48d8102a84\"\n\t\t\t data-invmsg=\"File Upload is invalid\" aria-invalid=\"false\"  \t\t\t\/>\n\t\t\t\t<div class=\"frm_clearfix \"><\/div>\n\t<\/div>\n\t<div class=\"dz-message needsclick\">\n\t\t<span class=\"frm_icon_font frm_upload_icon\"><\/span>\n\t\t<span class=\"frm_upload_text\"><button type=\"button\">Drop a file here or click to upload<\/button><\/span>\n\t\t<span class=\"frm_compact_text\"><button type=\"button\">Choose File<\/button><\/span>\n\t\t<div class=\"frm_small_text\">\n\t\t\tTaille de t\u00e9l\u00e9chargement maximum : 516 Mo\t\t<\/div>\n\t<\/div>\n<\/div>\n\r\n    \r\n    \r\n<\/div>\n<div id=\"frm_field_95_container\" class=\"frm_form_field form-field  frm_none_container\">\r\n    <label for=\"g-recaptcha-response\" id=\"field_totva2a373455450d138f401e_label\" class=\"frm_primary_label\">Captcha\r\n        <span class=\"frm_required\"><\/span>\r\n    <\/label>\r\n    <div id=\"field_totva2a373455450d138f401e\" class=\"frm-g-recaptcha\" data-sitekey=\"6LeXVhEbAAAAACH97L0Xh7-SneBaAH0B7GdV-XzF\" data-size=\"invisible\" data-theme=\"light\"><\/div>\r\n    \r\n    \r\n<\/div>\n\t<input type=\"hidden\" name=\"item_key\" value=\"\" \/>\n\t\t\t\t<div class=\"frm__655f5c179232e\" aria-hidden=\"true\">\n\t\t\t\t<label for=\"frm_email_10\" >\n\t\t\t\t\tSi vous \u00eates un humain, ne remplissez pas ce champ.\t\t\t\t<\/label>\n\t\t\t\t<input  id=\"frm_email_10\" type=\"text\" class=\"frm_verify\" name=\"frm__655f5c179232e\" value=\"\" autocomplete=\"false\"  \/>\n\t\t\t<\/div>\n\t\t<input name=\"frm_state\" type=\"hidden\" value=\"kniWzgBnX8rgcV+WUmK2X4ux9sshgrTp2nBy8nOel\/I=\" \/><div class=\"frm_submit\">\r\n\r\n<button class=\"frm_button_submit frm_final_submit\" type=\"submit\"   formnovalidate=\"formnovalidate\">Envoyer<\/button>\r\n\r\n<\/div><\/div>\n<\/fieldset>\n<\/div>\n<p style=\"display: none !important;\"><label>&#916;<textarea name=\"ak_hp_textarea\" cols=\"45\" rows=\"8\" maxlength=\"100\"><\/textarea><\/label><input type=\"hidden\" id=\"ak_js_1\" name=\"ak_js\" value=\"87\"\/><script>document.getElementById( \"ak_js_1\" ).setAttribute( \"value\", ( new Date() ).getTime() );<\/script><\/p><\/form>\n<\/div>\n<!-- [et_pb_line_break_holder] -->[\/et_pb_code][\/et_pb_column][\/et_pb_row][\/et_pb_section]<\/p>\n","protected":false},"excerpt":{"rendered":"<p>Veuillez remplir et soumettre le formulaire de demande ci-dessous. Nous vous r\u00e9pondrons le plus t\u00f4t possible. Les champs marqu\u00e9s (*) sont obligatoires.<div class=\"frm_forms  with_frm_style frm_style_formidable-style\" id=\"frm_form_10_container\" >\n<form enctype=\"multipart\/form-data\" method=\"post\" class=\"frm-show-form  frm_js_validate  frm_pro_form \" id=\"form_contact-formbfaf948e52e440d535b9\"  >\n<div class=\"frm_form_fields \">\n<fieldset>\n<legend class=\"frm_hidden\">Demander un devis<\/legend>\r\n<h3 class=\"frm_form_title\">Demander un devis<\/h3>\r\n<div class=\"frm_description\"><p>Envoyez-nous votre message par le biais du formulaire ci-apr\u00e8s.<\/p>\n<\/div><div class=\"frm_fields_container\">\n<input type=\"hidden\" name=\"frm_action\" value=\"create\" \/>\n<input type=\"hidden\" name=\"form_id\" value=\"10\" \/>\n<input type=\"hidden\" name=\"frm_hide_fields_10\" id=\"frm_hide_fields_10\" value=\"\" \/>\n<input type=\"hidden\" name=\"form_key\" value=\"contact-formbfaf948e52e440d535b9\" \/>\n<input type=\"hidden\" name=\"item_meta[0]\" value=\"\" \/>\n<input type=\"hidden\" id=\"frm_submit_entry_10\" name=\"frm_submit_entry_10\" value=\"32c57363d6\" \/><input type=\"hidden\" name=\"_wp_http_referer\" value=\"\/fr\/wp-json\/wp\/v2\/pages\/689\" \/><div id=\"frm_field_89_container\" class=\"frm_form_field form-field  frm_required_field frm_top_container\">\r\n    <label for=\"field_qh4icya1bfc8436a\" class=\"frm_primary_label\">Nom \r\n        <span class=\"frm_required\">*<\/span>\r\n    <\/label>\r\n    <input type=\"text\" id=\"field_qh4icya1bfc8436a\" name=\"item_meta[89]\" value=\"\"  data-reqmsg=\"This field cannot be blank.\" aria-required=\"true\" data-invmsg=\"Name is invalid\" aria-invalid=\"false\"  \/>\r\n    \r\n    \r\n<\/div>\n<div id=\"frm_field_90_container\" class=\"frm_form_field form-field  frm_required_field frm_top_container frm_first frm_two_thirds\">\r\n    <label for=\"field_29yf4d9f584b06a3\" class=\"frm_primary_label\">Adresse courriel\r\n        <span class=\"frm_required\">*<\/span>\r\n    <\/label>\r\n    <input type=\"email\" id=\"field_29yf4d9f584b06a3\" name=\"item_meta[90]\" value=\"\"  data-reqmsg=\"This field cannot be blank.\" aria-required=\"true\" data-invmsg=\"Please enter a valid email address\" aria-invalid=\"false\"  \/>\r\n    \r\n    \r\n<\/div>\n<div id=\"frm_field_91_container\" class=\"frm_form_field form-field  frm_top_container frm_third\">\r\n    <label for=\"field_xeppcb051b6e810e949c2f3f0\" class=\"frm_primary_label\">T\u00e9l\u00e9phone\r\n        <span class=\"frm_required\"><\/span>\r\n    <\/label>\r\n    <input type=\"tel\" id=\"field_xeppcb051b6e810e949c2f3f0\" name=\"item_meta[91]\" value=\"\"  data-invmsg=\"Phone is invalid\" aria-invalid=\"false\" pattern=\"((\\+\\d{1,3}(-|.| )?\\(?\\d\\)?(-| |.)?\\d{1,5})|(\\(?\\d{2,6}\\)?))(-|.| )?(\\d{3,4})(-|.| )?(\\d{4})(( x| ext)\\d{1,5}){0,1}$\"  \/>\r\n    \r\n    \r\n<\/div>\n<div id=\"frm_field_92_container\" class=\"frm_form_field form-field  frm_top_container frm_other_container\">\r\n    <label for=\"field_by5hdaaeba8d2c0\" id=\"field_by5hdaaeba8d2c0_label\" class=\"frm_primary_label\">Devis pour (s\u00e9lectionner)\r\n        <span class=\"frm_required\"><\/span>\r\n    <\/label>\r\n    \t\t<select name=\"item_meta[92]\" id=\"field_by5hdaaeba8d2c0\"  data-frmval=\"Traduction\" data-invmsg=\"Devis pour (s\u00e9lectionner) est non valide\" aria-invalid=\"false\"  >\n\t\t<option  value=\"Traduction\" selected='selected'>Traduction<\/option><option  value=\"Localisation\">Localisation<\/option><option  value=\"R\u00e9vision\">R\u00e9vision<\/option><option  value=\"Transcription\">Transcription<\/option><option  value=\"Transcr\u00e9ation\">Transcr\u00e9ation<\/option><option  value=\"\u00c9ditique\">\u00c9ditique<\/option><option  value=\"Validation linguistique\">Validation linguistique<\/option><option  value=\"Post-\u00e9dition\" class=\"frm_other_trigger\">Post-\u00e9dition<\/option><option  value=\"Autre\">Autre<\/option>\t<\/select>\n\t<label for=\"field_by5hdaaeba8d2c0-otext\" class=\"frm_screen_reader frm_hidden\">Devis pour (s\u00e9lectionner)<\/label><input type=\"text\" id=\"field_by5hdaaeba8d2c0-otext\" class=\"frm_other_input frm_pos_none\"  name=\"item_meta[other][92]\" value=\"\" \/>\r\n    \r\n    \r\n<\/div>\n<div id=\"frm_field_93_container\" class=\"frm_form_field form-field  frm_required_field frm_top_container frm_full\">\r\n    <label for=\"field_9jv0r18a0d23cbe9\" class=\"frm_primary_label\">Message\r\n        <span class=\"frm_required\">*<\/span>\r\n    <\/label>\r\n    <textarea name=\"item_meta[93]\" id=\"field_9jv0r18a0d23cbe9\" rows=\"4\"  data-reqmsg=\"This field cannot be blank.\" aria-required=\"true\" data-invmsg=\"Message est non valide\" aria-invalid=\"false\"  ><\/textarea>\r\n    \r\n    \r\n<\/div>\n<div id=\"frm_field_94_container\" class=\"frm_form_field form-field  frm_top_container\">\r\n    <label for=\"field_ztojl48d8102a84\" id=\"field_ztojl48d8102a84_label\" class=\"frm_primary_label\">T\u00e9l\u00e9charger des fichiers\r\n        <span class=\"frm_required\"><\/span>\r\n    <\/label>\r\n    <input type=\"hidden\" name=\"item_meta[94]\"  value=\"\" data-frmfile=\"94\" \/>\n\n<div class=\"frm_dropzone frm_single_upload frm_clearfix\" id=\"file94_dropzone\" role=\"group\" >\n\t<div class=\"fallback\">\n\t\t<input type=\"file\" name=\"file94\" id=\"field_ztojl48d8102a84\"\n\t\t\t data-invmsg=\"File Upload is invalid\" aria-invalid=\"false\"  \t\t\t\/>\n\t\t\t\t<div class=\"frm_clearfix \"><\/div>\n\t<\/div>\n\t<div class=\"dz-message needsclick\">\n\t\t<span class=\"frm_icon_font frm_upload_icon\"><\/span>\n\t\t<span class=\"frm_upload_text\"><button type=\"button\">Drop a file here or click to upload<\/button><\/span>\n\t\t<span class=\"frm_compact_text\"><button type=\"button\">Choose File<\/button><\/span>\n\t\t<div class=\"frm_small_text\">\n\t\t\tTaille de t\u00e9l\u00e9chargement maximum : 516 Mo\t\t<\/div>\n\t<\/div>\n<\/div>\n\r\n    \r\n    \r\n<\/div>\n<div id=\"frm_field_95_container\" class=\"frm_form_field form-field  frm_none_container\">\r\n    <label for=\"g-recaptcha-response\" id=\"field_totva2a373455450d138f401e_label\" class=\"frm_primary_label\">Captcha\r\n        <span class=\"frm_required\"><\/span>\r\n    <\/label>\r\n    <div id=\"field_totva2a373455450d138f401e\" class=\"frm-g-recaptcha\" data-sitekey=\"6LeXVhEbAAAAACH97L0Xh7-SneBaAH0B7GdV-XzF\" data-size=\"invisible\" data-theme=\"light\"><\/div>\r\n    \r\n    \r\n<\/div>\n\t<input type=\"hidden\" name=\"item_key\" value=\"\" \/>\n\t\t\t\t<div class=\"frm__655f5c179232e\" aria-hidden=\"true\">\n\t\t\t\t<label for=\"frm_email_10\" >\n\t\t\t\t\tSi vous \u00eates un humain, ne remplissez pas ce champ.\t\t\t\t<\/label>\n\t\t\t\t<input  id=\"frm_email_10\" type=\"text\" class=\"frm_verify\" name=\"frm__655f5c179232e\" value=\"\" autocomplete=\"false\"  \/>\n\t\t\t<\/div>\n\t\t<input name=\"frm_state\" type=\"hidden\" value=\"kniWzgBnX8rgcV+WUmK2X4ux9sshgrTp2nBy8nOel\/I=\" \/><div class=\"frm_submit\">\r\n\r\n<button class=\"frm_button_submit frm_final_submit\" type=\"submit\"   formnovalidate=\"formnovalidate\">Envoyer<\/button>\r\n\r\n<\/div><\/div>\n<\/fieldset>\n<\/div>\n<p style=\"display: none !important;\"><label>&#916;<textarea name=\"ak_hp_textarea\" cols=\"45\" rows=\"8\" maxlength=\"100\"><\/textarea><\/label><input type=\"hidden\" id=\"ak_js_2\" name=\"ak_js\" value=\"162\"\/><script>document.getElementById( \"ak_js_2\" ).setAttribute( \"value\", ( new Date() ).getTime() );<\/script><\/p><\/form>\n<\/div>\n<\/p>\n","protected":false},"author":1,"featured_media":0,"parent":0,"menu_order":0,"comment_status":"closed","ping_status":"closed","template":"","meta":{"_et_pb_use_builder":"on","_et_pb_old_content":"","_et_gb_content_width":"","_editorskit_title_hidden":false,"_editorskit_reading_time":0,"_editorskit_is_block_options_detached":false,"_editorskit_block_options_position":"{}","footnotes":""},"_links":{"self":[{"href":"https:\/\/goldenlines.ca\/fr\/wp-json\/wp\/v2\/pages\/689"}],"collection":[{"href":"https:\/\/goldenlines.ca\/fr\/wp-json\/wp\/v2\/pages"}],"about":[{"href":"https:\/\/goldenlines.ca\/fr\/wp-json\/wp\/v2\/types\/page"}],"author":[{"embeddable":true,"href":"https:\/\/goldenlines.ca\/fr\/wp-json\/wp\/v2\/users\/1"}],"replies":[{"embeddable":true,"href":"https:\/\/goldenlines.ca\/fr\/wp-json\/wp\/v2\/comments?post=689"}],"version-history":[{"count":17,"href":"https:\/\/goldenlines.ca\/fr\/wp-json\/wp\/v2\/pages\/689\/revisions"}],"predecessor-version":[{"id":224129,"href":"https:\/\/goldenlines.ca\/fr\/wp-json\/wp\/v2\/pages\/689\/revisions\/224129"}],"wp:attachment":[{"href":"https:\/\/goldenlines.ca\/fr\/wp-json\/wp\/v2\/media?parent=689"}],"curies":[{"name":"wp","href":"https:\/\/api.w.org\/{rel}","templated":true}]}}