{"id":744,"date":"2021-04-15T13:21:21","date_gmt":"2021-04-15T18:21:21","guid":{"rendered":"http:\/\/goldenlines.sg2.wp.websites.ca\/interpretation\/"},"modified":"2022-01-17T13:53:20","modified_gmt":"2022-01-17T19:53:20","slug":"nos-valeurs","status":"publish","type":"page","link":"https:\/\/goldenlines.ca\/fr\/a-propos-de-nous\/nos-valeurs\/","title":{"rendered":"Nos Valeurs"},"content":{"rendered":"<p>[et_pb_section fb_built=&#8221;1&#8243; custom_padding_last_edited=&#8221;on|desktop&#8221; _builder_version=&#8221;4.9.2&#8243; _module_preset=&#8221;default&#8221; background_enable_color=&#8221;off&#8221; use_background_color_gradient=&#8221;on&#8221; background_color_gradient_start=&#8221;rgba(5,23,45,0.95)&#8221; background_color_gradient_end=&#8221;rgba(5,23,45,0.95)&#8221; background_color_gradient_overlays_image=&#8221;on&#8221; background_image=&#8221;https:\/\/goldenlines.ca\/wp-content\/uploads\/2021\/03\/cropped-White-blue.png&#8221; custom_padding=&#8221;87px||87px||true|false&#8221; custom_padding_tablet=&#8221;57px||57px||true|false&#8221; custom_padding_phone=&#8221;&#8221; locked=&#8221;off&#8221; global_colors_info=&#8221;{}&#8221;][et_pb_row make_equal=&#8221;on&#8221; _builder_version=&#8221;4.9.2&#8243; _module_preset=&#8221;default&#8221; custom_padding=&#8221;0px||0px||false|false&#8221; custom_css_main_element=&#8221;margin: auto&#8221; global_colors_info=&#8221;{}&#8221;][et_pb_column type=&#8221;4_4&#8243; _builder_version=&#8221;4.9.2&#8243; _module_preset=&#8221;default&#8221; global_colors_info=&#8221;{}&#8221;][et_pb_text _builder_version=&#8221;4.9.2&#8243; _dynamic_attributes=&#8221;content&#8221; text_font=&#8221;Oswald|600||on|||||&#8221; text_text_color=&#8221;#FFFFFF&#8221; text_font_size=&#8221;52px&#8221; text_letter_spacing=&#8221;4px&#8221; text_line_height=&#8221;1.1em&#8221; header_font=&#8221;Oswald|||on|||||&#8221; header_font_size=&#8221;60px&#8221; header_letter_spacing=&#8221;5px&#8221; header_line_height=&#8221;1.4em&#8221; text_orientation=&#8221;center&#8221; max_width=&#8221;700px&#8221; module_alignment=&#8221;center&#8221; custom_margin=&#8221;0px||0px||false|false&#8221; custom_padding=&#8221;0px||0px||false|false&#8221; animation_style=&#8221;fade&#8221; text_font_size_tablet=&#8221;&#8221; text_font_size_phone=&#8221;29px&#8221; text_font_size_last_edited=&#8221;on|phone&#8221; header_font_size_tablet=&#8221;&#8221; header_font_size_phone=&#8221;34px&#8221; header_font_size_last_edited=&#8221;on|phone&#8221; global_colors_info=&#8221;{}&#8221;]@ET-DC@eyJkeW5hbWljIjp0cnVlLCJjb250ZW50IjoicG9zdF90aXRsZSIsInNldHRpbmdzIjp7ImJlZm9yZSI6IiIsImFmdGVyIjoiIn19@[\/et_pb_text][\/et_pb_column][\/et_pb_row][\/et_pb_section][et_pb_section fb_built=&#8221;1&#8243; _builder_version=&#8221;4.9.2&#8243; background_color=&#8221;#F7F7F7&#8243; custom_padding=&#8221;60px|0px|60px|0px|true|&#8221; global_colors_info=&#8221;{}&#8221;][et_pb_row _builder_version=&#8221;4.9.2&#8243; global_colors_info=&#8221;{}&#8221;][et_pb_column type=&#8221;4_4&#8243; _builder_version=&#8221;3.25&#8243; custom_padding=&#8221;|||&#8221; global_colors_info=&#8221;{}&#8221; custom_padding__hover=&#8221;|||&#8221;][et_pb_blurb title=&#8221;Transparence :&#8221; use_icon=&#8221;on&#8221; font_icon=&#8221;&#x4b;||divi||400&#8243; icon_color=&#8221;#D3C378&#8243; icon_placement=&#8221;left&#8221; content_max_width=&#8221;100%&#8221; image_icon_width_last_edited=&#8221;off|desktop&#8221; admin_label=&#8221;Transparence :&#8221; _builder_version=&#8221;4.14.0&#8243; header_font=&#8221;Oswald|||on|||||&#8221; header_font_size=&#8221;18px&#8221; header_letter_spacing=&#8221;2px&#8221; header_line_height=&#8221;1.7em&#8221; body_font=&#8221;Open Sans||||||||&#8221; body_line_height=&#8221;1.8em&#8221; animation=&#8221;off&#8221; border_color_all_image=&#8221;rgba(51,51,51,0)&#8221; border_style_all_image=&#8221;none&#8221; image_max_width_last_edited=&#8221;off|desktop&#8221; global_colors_info=&#8221;{}&#8221;]<\/p>\n<p>Nous croyons en une croissance bas\u00e9e sur la confiance mutuelle entre nous en tant qu\u2019entreprise et nos clients, partenaires membres de notre \u00e9quipe.<\/p>\n<p>[\/et_pb_blurb][et_pb_blurb title=&#8221;Travail en \u00e9quipe :&#8221; use_icon=&#8221;on&#8221; font_icon=&#8221;&#x4b;||divi||400&#8243; icon_color=&#8221;#D3C378&#8243; icon_placement=&#8221;left&#8221; content_max_width=&#8221;100%&#8221; image_icon_width_last_edited=&#8221;off|desktop&#8221; admin_label=&#8221;Travail en \u00e9quipe :&#8221; _builder_version=&#8221;4.14.0&#8243; header_font=&#8221;Oswald|||on|||||&#8221; header_font_size=&#8221;18px&#8221; header_letter_spacing=&#8221;2px&#8221; header_line_height=&#8221;1.7em&#8221; body_font=&#8221;Open Sans||||||||&#8221; body_line_height=&#8221;1.8em&#8221; animation=&#8221;off&#8221; border_color_all_image=&#8221;rgba(51,51,51,0)&#8221; border_style_all_image=&#8221;none&#8221; image_max_width_last_edited=&#8221;off|desktop&#8221; global_colors_info=&#8221;{}&#8221;]<\/p>\n<p>Nous grandissons et servons ensemble \u2013 nous croyons que notre succ\u00e8s est atteint gr\u00e2ce au r\u00f4le que joue chaque membre de notre \u00e9quipe.<\/p>\n<p>[\/et_pb_blurb][et_pb_blurb title=&#8221;Agilit\u00e9 :&#8221; use_icon=&#8221;on&#8221; font_icon=&#8221;&#x4b;||divi||400&#8243; icon_color=&#8221;#D3C378&#8243; icon_placement=&#8221;left&#8221; content_max_width=&#8221;100%&#8221; image_icon_width_last_edited=&#8221;off|desktop&#8221; admin_label=&#8221;Agilit\u00e9 :&#8221; _builder_version=&#8221;4.14.0&#8243; header_font=&#8221;Oswald|||on|||||&#8221; header_font_size=&#8221;18px&#8221; header_letter_spacing=&#8221;2px&#8221; header_line_height=&#8221;1.7em&#8221; body_font=&#8221;Open Sans||||||||&#8221; body_line_height=&#8221;1.8em&#8221; animation=&#8221;off&#8221; border_color_all_image=&#8221;rgba(51,51,51,0)&#8221; border_style_all_image=&#8221;none&#8221; image_max_width_last_edited=&#8221;off|desktop&#8221; global_colors_info=&#8221;{}&#8221;]<\/p>\n<p>Notre approche de la gestion des projets et des personnes est bas\u00e9e sur la fourniture de valeur \u00e0 nos clients plus rapidement avec plus de flexibilit\u00e9 au moyen de la technologie et des efforts humains.<\/p>\n<p>[\/et_pb_blurb][et_pb_blurb title=&#8221;Innovation :&#8221; use_icon=&#8221;on&#8221; font_icon=&#8221;&#x4b;||divi||400&#8243; icon_color=&#8221;#D3C378&#8243; icon_placement=&#8221;left&#8221; content_max_width=&#8221;100%&#8221; image_icon_width_last_edited=&#8221;off|desktop&#8221; admin_label=&#8221;Innovation :&#8221; _builder_version=&#8221;4.14.0&#8243; header_font=&#8221;Oswald|||on|||||&#8221; header_font_size=&#8221;18px&#8221; header_letter_spacing=&#8221;2px&#8221; header_line_height=&#8221;1.7em&#8221; body_font=&#8221;Open Sans||||||||&#8221; body_line_height=&#8221;1.8em&#8221; animation=&#8221;off&#8221; border_color_all_image=&#8221;rgba(51,51,51,0)&#8221; border_style_all_image=&#8221;none&#8221; image_max_width_last_edited=&#8221;off|desktop&#8221; global_colors_info=&#8221;{}&#8221;]<\/p>\n<p>Nous innovons constamment et sommes ouverts \u00e0 de nouvelles fa\u00e7ons de rendre nos clients heureux. L\u2019une des fa\u00e7ons dont nous y parvenons consiste \u00e0 appliquer de nouvelles technologies et d\u00e9couvertes pour offrir de la valeur et de la qualit\u00e9.<\/p>\n<p>[\/et_pb_blurb][et_pb_blurb title=&#8221;Extensibilit\u00e9 :&#8221; use_icon=&#8221;on&#8221; font_icon=&#8221;&#x4b;||divi||400&#8243; icon_color=&#8221;#D3C378&#8243; icon_placement=&#8221;left&#8221; content_max_width=&#8221;100%&#8221; image_icon_width_last_edited=&#8221;off|desktop&#8221; admin_label=&#8221;Extensibilit\u00e9 :&#8221; _builder_version=&#8221;4.14.0&#8243; header_font=&#8221;Oswald|||on|||||&#8221; header_font_size=&#8221;18px&#8221; header_letter_spacing=&#8221;2px&#8221; header_line_height=&#8221;1.7em&#8221; body_font=&#8221;Open Sans||||||||&#8221; body_line_height=&#8221;1.8em&#8221; animation=&#8221;off&#8221; border_color_all_image=&#8221;rgba(51,51,51,0)&#8221; border_style_all_image=&#8221;none&#8221; image_max_width_last_edited=&#8221;off|desktop&#8221; global_colors_info=&#8221;{}&#8221;]<\/p>\n<p>Nous croyons en la croissance progressive de notre organisation et des personnes que nous servons. Nous cherchons toujours \u00e0 d\u00e9velopper notre \u00e9quipe et nos clients en les aidant \u00e0 aller plus loin.<\/p>\n<p>[\/et_pb_blurb][\/et_pb_column][\/et_pb_row][\/et_pb_section]<\/p>\n","protected":false},"excerpt":{"rendered":"<p>Nous croyons en une croissance bas\u00e9e sur la confiance mutuelle entre nous en tant qu\u2019entreprise et nos clients, partenaires membres de notre \u00e9quipe.Nous grandissons et servons ensemble \u2013 nous croyons que notre succ\u00e8s est atteint gr\u00e2ce au r\u00f4le que joue chaque membre de notre \u00e9quipe.Notre approche de la gestion des projets et des personnes est [&hellip;]<\/p>\n","protected":false},"author":1,"featured_media":0,"parent":785,"menu_order":0,"comment_status":"closed","ping_status":"closed","template":"","meta":{"_et_pb_use_builder":"on","_et_pb_old_content":"","_et_gb_content_width":"","_editorskit_title_hidden":false,"_editorskit_reading_time":0,"_editorskit_is_block_options_detached":false,"_editorskit_block_options_position":"{}","footnotes":""},"_links":{"self":[{"href":"https:\/\/goldenlines.ca\/fr\/wp-json\/wp\/v2\/pages\/744"}],"collection":[{"href":"https:\/\/goldenlines.ca\/fr\/wp-json\/wp\/v2\/pages"}],"about":[{"href":"https:\/\/goldenlines.ca\/fr\/wp-json\/wp\/v2\/types\/page"}],"author":[{"embeddable":true,"href":"https:\/\/goldenlines.ca\/fr\/wp-json\/wp\/v2\/users\/1"}],"replies":[{"embeddable":true,"href":"https:\/\/goldenlines.ca\/fr\/wp-json\/wp\/v2\/comments?post=744"}],"version-history":[{"count":9,"href":"https:\/\/goldenlines.ca\/fr\/wp-json\/wp\/v2\/pages\/744\/revisions"}],"predecessor-version":[{"id":231207,"href":"https:\/\/goldenlines.ca\/fr\/wp-json\/wp\/v2\/pages\/744\/revisions\/231207"}],"up":[{"embeddable":true,"href":"https:\/\/goldenlines.ca\/fr\/wp-json\/wp\/v2\/pages\/785"}],"wp:attachment":[{"href":"https:\/\/goldenlines.ca\/fr\/wp-json\/wp\/v2\/media?parent=744"}],"curies":[{"name":"wp","href":"https:\/\/api.w.org\/{rel}","templated":true}]}}