{"id":785,"date":"2021-04-15T13:56:14","date_gmt":"2021-04-15T18:56:14","guid":{"rendered":"http:\/\/goldenlines.sg2.wp.websites.ca\/a-propos-de-nous\/"},"modified":"2022-05-20T13:14:59","modified_gmt":"2022-05-20T18:14:59","slug":"a-propos-de-nous","status":"publish","type":"page","link":"https:\/\/goldenlines.ca\/fr\/a-propos-de-nous\/","title":{"rendered":"\u00c0 propos de nous"},"content":{"rendered":"<p>[et_pb_section fb_built=&#8221;1&#8243; custom_padding_last_edited=&#8221;on|desktop&#8221; _builder_version=&#8221;4.16&#8243; _module_preset=&#8221;default&#8221; background_enable_color=&#8221;off&#8221; use_background_color_gradient=&#8221;on&#8221; background_color_gradient_stops=&#8221;rgba(5,23,45,0.95) 0%|rgba(5,23,45,0.95) 100%&#8221; background_color_gradient_overlays_image=&#8221;on&#8221; background_color_gradient_start=&#8221;rgba(5,23,45,0.95)&#8221; background_color_gradient_end=&#8221;rgba(5,23,45,0.95)&#8221; background_image=&#8221;https:\/\/goldenlines.ca\/wp-content\/uploads\/2021\/03\/cropped-White-blue.png&#8221; custom_padding=&#8221;87px||87px||true|false&#8221; custom_padding_tablet=&#8221;57px||57px||true|false&#8221; custom_padding_phone=&#8221;&#8221; global_colors_info=&#8221;{}&#8221;][et_pb_row make_equal=&#8221;on&#8221; _builder_version=&#8221;4.16&#8243; _module_preset=&#8221;default&#8221; custom_padding=&#8221;0px||0px||false|false&#8221; custom_css_main_element=&#8221;margin: auto&#8221; global_colors_info=&#8221;{}&#8221;][et_pb_column type=&#8221;4_4&#8243; _builder_version=&#8221;4.16&#8243; _module_preset=&#8221;default&#8221; global_colors_info=&#8221;{}&#8221;][et_pb_text _builder_version=&#8221;4.16&#8243; _dynamic_attributes=&#8221;content&#8221; text_font=&#8221;Oswald|600||on|||||&#8221; text_text_color=&#8221;#FFFFFF&#8221; text_font_size=&#8221;52px&#8221; text_letter_spacing=&#8221;4px&#8221; text_line_height=&#8221;1.1em&#8221; header_font=&#8221;Oswald|||on|||||&#8221; header_font_size=&#8221;60px&#8221; header_letter_spacing=&#8221;5px&#8221; header_line_height=&#8221;1.4em&#8221; text_orientation=&#8221;center&#8221; max_width=&#8221;700px&#8221; module_alignment=&#8221;center&#8221; custom_margin=&#8221;0px||0px||false|false&#8221; custom_padding=&#8221;0px||0px||false|false&#8221; animation_style=&#8221;fade&#8221; text_font_size_tablet=&#8221;&#8221; text_font_size_phone=&#8221;29px&#8221; text_font_size_last_edited=&#8221;on|phone&#8221; header_font_size_tablet=&#8221;&#8221; header_font_size_phone=&#8221;34px&#8221; header_font_size_last_edited=&#8221;on|phone&#8221; global_colors_info=&#8221;{}&#8221;]@ET-DC@eyJkeW5hbWljIjp0cnVlLCJjb250ZW50IjoicG9zdF90aXRsZSIsInNldHRpbmdzIjp7ImJlZm9yZSI6IiIsImFmdGVyIjoiIn19@[\/et_pb_text][\/et_pb_column][\/et_pb_row][\/et_pb_section][et_pb_section fb_built=&#8221;1&#8243; admin_label=&#8221;Intro Section&#8221; _builder_version=&#8221;4.16&#8243; background_enable_color=&#8221;off&#8221; custom_padding=&#8221;60px|0px|60px|0px|true|&#8221; global_colors_info=&#8221;{}&#8221;][et_pb_row make_equal=&#8221;on&#8221; admin_label=&#8221;Ligne d&#8217;introduction&#8221; _builder_version=&#8221;4.16&#8243; global_colors_info=&#8221;{}&#8221;][et_pb_column type=&#8221;4_4&#8243; _builder_version=&#8221;4.16&#8243; custom_padding=&#8221;|||&#8221; global_colors_info=&#8221;{}&#8221; custom_padding__hover=&#8221;|||&#8221;][et_pb_text admin_label=&#8221;NOTRE HISTOIRE&#8221; _builder_version=&#8221;4.16&#8243; text_font=&#8221;Open Sans||||||||&#8221; text_line_height=&#8221;1.8em&#8221; header_font=&#8221;||||||||&#8221; header_2_font=&#8221;Oswald|||on|||||&#8221; header_2_text_color=&#8221;#05172D&#8221; header_2_font_size=&#8221;20px&#8221; header_2_letter_spacing=&#8221;3px&#8221; header_2_line_height=&#8221;1.4em&#8221; module_alignment=&#8221;center&#8221; custom_margin=&#8221;||0px||false|false&#8221; custom_margin_tablet=&#8221;0px|||&#8221; custom_margin_phone=&#8221;|||&#8221; custom_margin_last_edited=&#8221;off|desktop&#8221; custom_padding=&#8221;||10px||false|false&#8221; hover_enabled=&#8221;0&#8243; global_colors_info=&#8221;{}&#8221; sticky_enabled=&#8221;0&#8243;][\/et_pb_text][et_pb_text admin_label=&#8221;DESCRIPTION&#8221; _builder_version=&#8221;4.17.4&#8243; text_font=&#8221;Open Sans||||||||&#8221; text_line_height=&#8221;1.8em&#8221; header_font=&#8221;||||||||&#8221; header_2_font=&#8221;Oswald|||on|||||&#8221; header_2_text_color=&#8221;#05172D&#8221; header_2_font_size=&#8221;25px&#8221; header_2_letter_spacing=&#8221;3px&#8221; header_2_line_height=&#8221;1.4em&#8221; module_alignment=&#8221;center&#8221; custom_margin=&#8221;||||false|false&#8221; custom_margin_tablet=&#8221;0px|||&#8221; custom_margin_phone=&#8221;|||&#8221; custom_margin_last_edited=&#8221;off|desktop&#8221; hover_enabled=&#8221;0&#8243; global_colors_info=&#8221;{}&#8221; sticky_enabled=&#8221;0&#8243;]<\/p>\n<p style=\"text-align: left;\"><strong>NOTRE HISTOIRE<\/strong><\/p>\n<p style=\"text-align: justify;\">Golden Lines Translation, Inc. est une soci\u00e9t\u00e9 offrant des services linguistiques de traduction et de localisation bas\u00e9e \u00e0 <a href=\"https:\/\/fr.wikipedia.org\/wiki\/Winnipeg\">Winnipeg<\/a>, <a href=\"https:\/\/fr.wikipedia.org\/wiki\/Manitoba\">Manitoba<\/a>, <a href=\"https:\/\/en.wikipedia.org\/wiki\/Canada\">Canada<\/a>. Elle a \u00e9t\u00e9 fond\u00e9e en 2014 par Sim Ngezahayo apr\u00e8s avoir remarqu\u00e9 un besoin global d\u2019\u00e9limination de barri\u00e8res linguistiques tout en comblant les \u00e9carts entre les personnes et les services.<\/p>\n<p>Gr\u00e2ce \u00e0 nos services de <a href=\"https:\/\/goldenlines.ca\/fr\/traduction\/\">traduction<\/a> et de <a href=\"https:\/\/goldenlines.ca\/fr\/localisation\/\">localisation<\/a>, nous avons aid\u00e9 les petites et moyennes entreprises (PME) \u00e0 accro\u00eetre leurs capacit\u00e9s de vente et \u00e0 devenir autonomes. Nous avons \u00e9galement servi des particuliers, des entreprises, des institutions et des organisations \u00e0 but non lucratif partout dans le monde.<\/p>\n<p><strong>PRIX D&#8217;EXCELLENCE<\/strong><\/p>\n<p style=\"text-align: justify;\">Nous avons remport\u00e9 plusieurs Prix d&#8217;excellence en reconnaissance de nos services linguistiques robustes \u00e0 la communaut\u00e9 mondiale en plein essor lors de la pand\u00e9mie de Coronavirus, ainsi nomm\u00e9e la <a href=\"https:\/\/www.corporatevision-news.com\/winners\/golden-lines-translation-inc\/\">Meilleure fournisseuse de services langagiers au Manitoba en 2021<\/a>. Nous avons \u00e9galement remport\u00e9 le Prix d\u2019excellence pour les petites enterprises canadiennes de l\u2019an 2022, voire le Prix d\u2019excellence en tant que Meuilleur sp\u00e9cialiste en fourniture de services langagiers dans les domaines d\u2019ing\u00e9nierie et industriel de l\u2019an 2021 en Am\u00e9rique du Nord en reconnaissance de notre production sans papier. Ce Prix a coincid\u00e9 avec la Conf\u00e9rence des Nations Unies sur le climat, la <a href=\"https:\/\/www.un.org\/fr\/un-climate-change-conference-cop-26\">COP26<\/a>, tenue \u00e0 <a href=\"https:\/\/fr.wikipedia.org\/wiki\/Glasgow\">Glasgow<\/a>, au Royaume-Uni en november 2021. Nous sommes fi\u00e8re de notre participation \u00e0 la sauvegarde de l\u2019environnement.<\/p>\n<p style=\"text-align: justify;\"><strong>EXPERTISE DANS L\u2019INDUSTRIE<\/strong><\/p>\n<p style=\"text-align: justify;\">Au cours des ann\u00e9es, nous avons coop\u00e9r\u00e9 avec les soci\u00e9t\u00e9s pharmaceutiques internationales vers la livraison de services langagiers de haute qualit\u00e9 pendant que le monde fait face \u00e0 la pand\u00e9mie de Coronavirus. Nous avons \u00e9galement collabor\u00e9 avec les fournisseurs d\u2019essais cliniques en fournissant les services de traduction et de validation linguistique dans plusieurs langues et dialectes.<\/p>\n<p style=\"text-align: justify;\"><strong>LANGUES ET RESSOURCES<\/strong><\/p>\n<p style=\"text-align: justify;\">Avec <a href=\"https:\/\/goldenlines.ca\/fr\/langues-prises-en-charge\/\">plus de 400 couples de langues<\/a> prises en charge et plus de 3 000 linguistes certifi\u00e9s, professionnels, form\u00e9s, exp\u00e9riment\u00e9s et natifs, nous b\u00e9n\u00e9ficions de la confiance des professionnels m\u00e9dicaux, juridiques et commerciaux du monde entier. \u00c0 cet effet, nous avons acquis une croissance et une exp\u00e9rtise consid\u00e9rables dans l&#8217;industrie langagi\u00e8re au service de divers secteurs et des personnes de diff\u00e9rents horizons. Nous nous sp\u00e9cialisons dans divers domaines du technique au g\u00e9n\u00e9ral, y compris l&#8217;agriculture, la finance, la banque, le marketing, l&#8217;ing\u00e9nierie et de nombreux autres domaines.<\/p>\n<p style=\"text-align: justify;\">Nous travaillons avec une vari\u00e9t\u00e9 de langues des Am\u00e9riques, europ\u00e9ennes, africaines, asiatiques et oc\u00e9aniques. Notre objectif est de supprimer les barri\u00e8res linguistiques qui entravent les activit\u00e9s professionnelles quotidiennes, faisant ainsi passer votre entreprise au niveau sup\u00e9rieur. Nos services sont fi\u00e8rement professionnels, opportuns et fiables.<\/p>\n<p>[\/et_pb_text][\/et_pb_column][\/et_pb_row][\/et_pb_section]<\/p>\n","protected":false},"excerpt":{"rendered":"<p>NOTRE HISTOIRE Golden Lines Translation, Inc. est une soci\u00e9t\u00e9 offrant des services linguistiques de traduction et de localisation bas\u00e9e \u00e0 Winnipeg, Manitoba, Canada. Elle a \u00e9t\u00e9 fond\u00e9e en 2014 par Sim Ngezahayo apr\u00e8s avoir remarqu\u00e9 un besoin global d\u2019\u00e9limination de barri\u00e8res linguistiques tout en comblant les \u00e9carts entre les personnes et les services. Gr\u00e2ce \u00e0 [&hellip;]<\/p>\n","protected":false},"author":1,"featured_media":0,"parent":0,"menu_order":0,"comment_status":"closed","ping_status":"closed","template":"","meta":{"_et_pb_use_builder":"on","_et_pb_old_content":"","_et_gb_content_width":"","_editorskit_title_hidden":false,"_editorskit_reading_time":0,"_editorskit_is_block_options_detached":false,"_editorskit_block_options_position":"{}","footnotes":""},"_links":{"self":[{"href":"https:\/\/goldenlines.ca\/fr\/wp-json\/wp\/v2\/pages\/785"}],"collection":[{"href":"https:\/\/goldenlines.ca\/fr\/wp-json\/wp\/v2\/pages"}],"about":[{"href":"https:\/\/goldenlines.ca\/fr\/wp-json\/wp\/v2\/types\/page"}],"author":[{"embeddable":true,"href":"https:\/\/goldenlines.ca\/fr\/wp-json\/wp\/v2\/users\/1"}],"replies":[{"embeddable":true,"href":"https:\/\/goldenlines.ca\/fr\/wp-json\/wp\/v2\/comments?post=785"}],"version-history":[{"count":33,"href":"https:\/\/goldenlines.ca\/fr\/wp-json\/wp\/v2\/pages\/785\/revisions"}],"predecessor-version":[{"id":253411,"href":"https:\/\/goldenlines.ca\/fr\/wp-json\/wp\/v2\/pages\/785\/revisions\/253411"}],"wp:attachment":[{"href":"https:\/\/goldenlines.ca\/fr\/wp-json\/wp\/v2\/media?parent=785"}],"curies":[{"name":"wp","href":"https:\/\/api.w.org\/{rel}","templated":true}]}}